{"id":322,"date":"2025-08-31T17:52:12","date_gmt":"2025-08-31T17:52:12","guid":{"rendered":"https:\/\/branature.com\/?page_id=322"},"modified":"2025-09-02T18:25:23","modified_gmt":"2025-09-02T18:25:23","slug":"reflorestamento","status":"publish","type":"page","link":"https:\/\/branature.com\/en\/reflorestamento\/","title":{"rendered":"Reforestation"},"content":{"rendered":"<div class=\"wp-block-cover alignfull has-custom-content-position is-position-center-left has-small-font-size\" style=\"padding-right:var(--wp--preset--spacing--50);padding-left:var(--wp--preset--spacing--50);min-height:348px;aspect-ratio:unset;\"><img loading=\"lazy\" decoding=\"async\" width=\"1440\" height=\"337\" class=\"wp-block-cover__image-background wp-image-325 size-full\" alt=\"\" src=\"https:\/\/branature.com\/wp-content\/uploads\/2025\/08\/Logos-2.png\" data-object-fit=\"cover\" srcset=\"https:\/\/branature.com\/wp-content\/uploads\/2025\/08\/Logos-2.png 1440w, https:\/\/branature.com\/wp-content\/uploads\/2025\/08\/Logos-2-300x70.png 300w, https:\/\/branature.com\/wp-content\/uploads\/2025\/08\/Logos-2-1024x240.png 1024w, https:\/\/branature.com\/wp-content\/uploads\/2025\/08\/Logos-2-768x180.png 768w, https:\/\/branature.com\/wp-content\/uploads\/2025\/08\/Logos-2-18x4.png 18w\" sizes=\"auto, (max-width: 1440px) 100vw, 1440px\" \/><span aria-hidden=\"true\" class=\"wp-block-cover__background has-background-dim-0 has-background-dim\" style=\"background-color:#2b3728\"><\/span><div class=\"wp-block-cover__inner-container has-global-padding is-layout-constrained wp-container-core-cover-is-layout-e1a24a51 wp-block-cover-is-layout-constrained\">\n<p class=\"has-text-align-center has-montserrat-font-family has-xx-large-font-size\" style=\"font-style:normal;font-weight:500\"><strong>Reforestation<\/strong><\/p>\n<\/div><\/div>\n\n\n\n<div class=\"wp-block-group alignwide is-vertical is-layout-flex wp-container-core-group-is-layout-fe9cc265 wp-block-group-is-layout-flex\">\n<div class=\"wp-block-columns is-layout-flex wp-container-core-columns-is-layout-ef350914 wp-block-columns-is-layout-flex\" style=\"padding-top:var(--wp--preset--spacing--30);padding-bottom:var(--wp--preset--spacing--30)\">\n<div class=\"wp-block-column is-layout-flow wp-block-column-is-layout-flow\" style=\"flex-basis:100%\">\n<h2 class=\"wp-block-heading has-text-color has-link-color has-montserrat-font-family has-x-large-font-size wp-elements-80d5c4100fa12fc310cd1bbaa63304b2\" style=\"color:#878787;font-style:normal;font-weight:600\">Reforestation: Regenerating ecosystems and protecting the future<\/h2>\n\n\n\n<p class=\"has-text-align-left has-text-color has-link-color has-montserrat-font-family wp-elements-0799ad70c391d06e09657acd885e7738\" style=\"color:#797d78;font-size:clamp(1.039rem, 1.039rem + ((1vw - 0.2rem) * 0.935), 1.6rem);letter-spacing:0px;line-height:1.5\"><span style=\"white-space:pre-wrap;\">Reforestation is the practice of regenerating degraded or deforested areas - either through planting or natural regeneration - with the aim of restoring lost ecosystems, improving quality of life and mitigating the impacts of climate change<\/span><\/p>\n<\/div>\n<\/div>\n\n\n\n<div class=\"wp-block-columns is-layout-flex wp-container-core-columns-is-layout-ec2e7a44 wp-block-columns-is-layout-flex\" style=\"padding-top:0;padding-bottom:0\">\n<div class=\"wp-block-column is-layout-flow wp-block-column-is-layout-flow\" style=\"flex-basis:100%\">\n<h2 class=\"wp-block-heading has-text-color has-link-color has-montserrat-font-family has-x-large-font-size wp-elements-6e9f277bfe2607e2406b21abaff34a38\" style=\"color:#878787;font-style:normal;font-weight:600\">Environmental Benefits<\/h2>\n\n\n\n<ul style=\"color:#797d78;padding-right:var(--wp--preset--spacing--30);padding-left:var(--wp--preset--spacing--30);font-size:clamp(1.039rem, 1.039rem + ((1vw - 0.2rem) * 0.935), 1.6rem);\" class=\"wp-block-list has-text-color has-link-color wp-elements-6301cd3155993828b0e966d869137652\">\n<li class=\"has-montserrat-font-family\" style=\"font-size:clamp(1.039rem, 1.039rem + ((1vw - 0.2rem) * 0.935), 1.6rem);\"><span style=\"white-space:pre-wrap;\">Carbon sequestration: Trees absorb the atmosphere and store it in their biomass, contributing significantly to the mitigation of climate change.<\/span><\/li>\n\n\n\n<li class=\"has-montserrat-font-family\" style=\"font-size:clamp(1.039rem, 1.039rem + ((1vw - 0.2rem) * 0.935), 1.6rem);\"><span style=\"white-space:pre-wrap;\">Biodiversity preservation and ecological corridors: reforested forests serve as habitat for several for several species, promoting the conservation of fauna and flora<\/span><\/li>\n\n\n\n<li class=\"has-montserrat-font-family\" style=\"font-size:clamp(1.039rem, 1.039rem + ((1vw - 0.2rem) * 0.935), 1.6rem);\"><span style=\"white-space:pre-wrap;\">Soil protection and water resources: trees help control erosion, improve water infiltration and protect springs and groundwater.<\/span><\/li>\n\n\n\n<li class=\"has-montserrat-font-family\" style=\"font-size:clamp(1.039rem, 1.039rem + ((1vw - 0.2rem) * 0.935), 1.6rem);\"><span style=\"white-space:pre-wrap;\">Climate Regulation and Air Quality: Forests have refreshing effect, regulate the microclimate and filter pollutants, promoting healthier air.<\/span><\/li>\n<\/ul>\n<\/div>\n<\/div>\n\n\n\n<div class=\"wp-block-columns is-layout-flex wp-container-core-columns-is-layout-8d88fe0f wp-block-columns-is-layout-flex\" style=\"padding-top:var(--wp--preset--spacing--20);padding-bottom:var(--wp--preset--spacing--20)\">\n<div class=\"wp-block-column is-layout-flow wp-block-column-is-layout-flow\" style=\"flex-basis:100%\">\n<h2 class=\"wp-block-heading has-text-color has-link-color has-montserrat-font-family has-x-large-font-size wp-elements-06534fb771dba618fef25132495e3f40\" style=\"color:#878787;font-style:normal;font-weight:600\">Economic benefits<\/h2>\n\n\n\n<ul style=\"color:#797d78;padding-right:var(--wp--preset--spacing--30);padding-left:var(--wp--preset--spacing--30);font-size:clamp(1.039rem, 1.039rem + ((1vw - 0.2rem) * 0.935), 1.6rem);\" class=\"wp-block-list has-text-color has-link-color wp-elements-a1a3b1e926dbc03957778f6e9233e968\">\n<li class=\"has-montserrat-font-family\" style=\"font-size:clamp(1.039rem, 1.039rem + ((1vw - 0.2rem) * 0.935), 1.6rem);\"><span style=\"white-space:pre-wrap;\">Sustainable Forest Forest Income, Jobs and Products: Reforestation Projects create local economic opportunities, such as carbon credit, ecological tourism and sustainable use of wood.<\/span><\/li>\n\n\n\n<li class=\"has-montserrat-font-family\" style=\"font-size:clamp(1.039rem, 1.039rem + ((1vw - 0.2rem) * 0.935), 1.6rem);\"><span style=\"white-space:pre-wrap;\">Carbon credits: reforestation can generate negotiable carbon credits, boosting their own, boosting development.<\/span><\/li>\n\n\n\n<li class=\"has-montserrat-font-family\" style=\"font-size:clamp(1.039rem, 1.039rem + ((1vw - 0.2rem) * 0.935), 1.6rem);\"><span style=\"white-space:pre-wrap;\">Rural Property Appreciation: Properties that invest in reforestation gain in aesthetic and productive value, as well as access to their own raw materials.<\/span><\/li>\n<\/ul>\n<\/div>\n<\/div>\n\n\n\n<div class=\"wp-block-columns is-layout-flex wp-container-core-columns-is-layout-8d88fe0f wp-block-columns-is-layout-flex\" style=\"padding-top:var(--wp--preset--spacing--20);padding-bottom:var(--wp--preset--spacing--20)\">\n<div class=\"wp-block-column is-layout-flow wp-block-column-is-layout-flow\" style=\"flex-basis:100%\">\n<h2 class=\"wp-block-heading has-text-color has-link-color has-montserrat-font-family has-x-large-font-size wp-elements-6ef7bf06e917032a4c8a55ddd1d8fcd3\" style=\"color:#878787;font-style:normal;font-weight:600\">Efficiency and reforestation strategies<\/h2>\n\n\n\n<ul style=\"color:#797d78;padding-right:var(--wp--preset--spacing--30);padding-left:var(--wp--preset--spacing--30);font-size:clamp(1.039rem, 1.039rem + ((1vw - 0.2rem) * 0.935), 1.6rem);\" class=\"wp-block-list has-text-color has-link-color wp-elements-8cf6f1e486395d848c8253a539534e8b\">\n<li class=\"has-montserrat-font-family\" style=\"font-size:clamp(1.039rem, 1.039rem + ((1vw - 0.2rem) * 0.935), 1.6rem);\"><span style=\"white-space:pre-wrap;\">More effective and economic methods: Studies indicate that combining natural regeneration and planting allows you to kidnap more carbon with lower cost in half of the right areas, exceeding previous estimates up to 10 times .<\/span><\/li>\n\n\n\n<li class=\"has-montserrat-font-family\" style=\"font-size:clamp(1.039rem, 1.039rem + ((1vw - 0.2rem) * 0.935), 1.6rem);\"><span style=\"white-space:pre-wrap;\">Use of mixtures of species: in appropriate mixtures and mixtures and mixtures and . Average planting density can improve carbon sequestration at 15\u201330%, maintaining liquid climatic benefits .<\/span><\/li>\n\n\n\n<li class=\"has-montserrat-font-family\" style=\"font-size:clamp(1.039rem, 1.039rem + ((1vw - 0.2rem) * 0.935), 1.6rem);\"><span style=\"white-space:pre-wrap;\">Natural Assisted Regeneration (ANR): Low cost restoration method that protects natural sprouts, reducing the costs compared to planting by up to 80% direct.<\/span><\/li>\n<\/ul>\n<\/div>\n<\/div>\n\n\n\n<div class=\"wp-block-columns is-layout-flex wp-container-core-columns-is-layout-ec2e7a44 wp-block-columns-is-layout-flex\" style=\"padding-top:0;padding-bottom:0\">\n<div class=\"wp-block-column is-layout-flow wp-block-column-is-layout-flow\" style=\"flex-basis:100%\">\n<h2 class=\"wp-block-heading has-text-color has-link-color has-montserrat-font-family has-x-large-font-size wp-elements-d1dd4e4627e5fed59a9acf78b0537add\" style=\"color:#878787;font-style:normal;font-weight:600\">Recent Studies<\/h2>\n\n\n\n<ul style=\"color:#797d78;padding-right:var(--wp--preset--spacing--30);padding-left:var(--wp--preset--spacing--30);font-size:clamp(1.039rem, 1.039rem + ((1vw - 0.2rem) * 0.935), 1.6rem);\" class=\"wp-block-list has-text-color has-link-color wp-elements-8760a6b4f139369b461fa5db3ccd69a8\">\n<li class=\"has-montserrat-font-family\" style=\"font-size:clamp(1.039rem, 1.039rem + ((1vw - 0.2rem) * 0.935), 1.6rem);\"><span style=\"white-space:pre-wrap;\">Global Rearrest Maps: They identified 195 million hectares with high potential for reforestation, capable of removing up to 1.5 billion tons of CO\u2082 per year, in areas selected by their social and environmental viability.<\/span><\/li>\n\n\n\n<li class=\"has-montserrat-font-family\" style=\"font-size:clamp(1.039rem, 1.039rem + ((1vw - 0.2rem) * 0.935), 1.6rem);\"><span style=\"white-space:pre-wrap;\">Partial climate impact: Even an ideal scenario: Even an ideal scenario . Total reforestation would reduce the average global temperature by about 0.34 \u00b0 C - a valuable but not sufficient contribution without reducing fossil fuel emissions.<\/span><\/li>\n<\/ul>\n<\/div>\n<\/div>\n\n\n\n<div class=\"wp-block-columns is-layout-flex wp-container-core-columns-is-layout-ef350914 wp-block-columns-is-layout-flex\" style=\"padding-top:var(--wp--preset--spacing--30);padding-bottom:var(--wp--preset--spacing--30)\">\n<div class=\"wp-block-column is-layout-flow wp-block-column-is-layout-flow\" style=\"flex-basis:100%\">\n<h6 class=\"wp-block-heading has-text-color has-link-color has-montserrat-font-family has-large-font-size wp-elements-14f3a056d88d2ba8e1be272a7ae7522f\" style=\"color:#878787;font-style:normal;font-weight:600\">Bibliography<\/h6>\n\n\n\n<ol style=\"color:#797d78;font-size:clamp(1.039rem, 1.039rem + ((1vw - 0.2rem) * 0.935), 1.6rem);\" class=\"wp-block-list has-text-color has-link-color wp-elements-09fe379bae51a283c79c1d391e40986c\">\n<li class=\"has-montserrat-font-family\" style=\"font-size:clamp(0.875rem, 0.875rem + ((1vw - 0.2rem) * 0.375), 1.1rem);line-height:1.5\"><span style=\"white-space:pre-wrap;\">Ofosua, and ., dsouza, k. B ., amoougu, d. C ., et al. Climate Benefits of Afforrestation and Reforestation with Varying Species Mixtures and Densities in the North-Western Boreal Lands. ARXIV, 2025. Available at:   https: \/\/ arxiv . org\/2506 . 03300  . Accessed on: 27 Aug. 2025.<\/span><\/li>\n\n\n\n<li class=\"has-montserrat-font-family\" style=\"font-size:clamp(0.875rem, 0.875rem + ((1vw - 0.2rem) * 0.375), 1.1rem);line-height:1.5\"><span style=\"white-space:pre-wrap;\">In Conservation International; . UC Berkeley. Reforestation is More Cost-Effective Than Previously Thought. Berkeley: Rausser College of Natural Resources, 2024. Available at:   https: \/\/ nature . berkeley . edu\/news\/2024\/07\/re-artist-more-cost-effective-previously-thought  . Accessed on: 27 Aug. 2025.<\/span><\/li>\n\n\n\n<li class=\"has-montserrat-font-family\" style=\"font-size:clamp(0.875rem, 0.875rem + ((1vw - 0.2rem) * 0.375), 1.1rem);line-height:1.5\">Conservation International. New Research: Reforestation is More Cost-Effective Than Previously Understood; . Study Compares Reforestation Methods. Press Release, 24 Jul. 2024. Available at:   https: \/\/ www . conservation . org\/press-releases\/2024\/07\/24\/New-resetho-reforestation . -is-more-cost-effective-than-prevously-Understod-study-fellow-reforestation-methods  . Accessed on: 27 Aug. 2025.<\/li>\n\n\n\n<li class=\"has-montserrat-font-family\" style=\"font-size:clamp(0.875rem, 0.875rem + ((1vw - 0.2rem) * 0.375), 1.1rem);line-height:1.5\"> Frontiers in Forests and Global Change. Bibliometric and Literature Synthesis on Assisted Natural Regeneration: An Evidence Base for Forest and Landscape Restoration in the Tropics. 2024. Available at:   https: \/\/ www . Frontiersin . org\/journals\/forests-and-global-c . HANGE\/ARTICLES\/10 . 3389\/FFGC . 2024 . 1412075\/Full  . Accessed on: 27 Aug. 2025.<\/li>\n<\/ol>\n<\/div>\n<\/div>\n<\/div>","protected":false},"excerpt":{"rendered":"<p>Reflorestamento: Regenerando Ecossistemas e Protegendo o Futuro O reflorestamento \u00e9 a pr\u00e1tica de regenerar \u00e1reas degradadas ou desmatadas \u2014 seja por meio de plantio ou regenera\u00e7\u00e3o natural \u2014 com o objetivo de restaurar ecossistemas perdidos, melhorar a qualidade de vida e mitigar os impactos das mudan\u00e7as clim\u00e1ticas Benef\u00edcios ambientais Benef\u00edcios econ\u00f4micos Efici\u00eancia e Estrat\u00e9gias de [&hellip;]<\/p>","protected":false},"author":1,"featured_media":0,"parent":0,"menu_order":0,"comment_status":"closed","ping_status":"closed","template":"","meta":{"footnotes":""},"class_list":["post-322","page","type-page","status-publish","hentry"],"_links":{"self":[{"href":"https:\/\/branature.com\/en\/wp-json\/wp\/v2\/pages\/322","targetHints":{"allow":["GET"]}}],"collection":[{"href":"https:\/\/branature.com\/en\/wp-json\/wp\/v2\/pages"}],"about":[{"href":"https:\/\/branature.com\/en\/wp-json\/wp\/v2\/types\/page"}],"author":[{"embeddable":true,"href":"https:\/\/branature.com\/en\/wp-json\/wp\/v2\/users\/1"}],"replies":[{"embeddable":true,"href":"https:\/\/branature.com\/en\/wp-json\/wp\/v2\/comments?post=322"}],"version-history":[{"count":6,"href":"https:\/\/branature.com\/en\/wp-json\/wp\/v2\/pages\/322\/revisions"}],"predecessor-version":[{"id":343,"href":"https:\/\/branature.com\/en\/wp-json\/wp\/v2\/pages\/322\/revisions\/343"}],"wp:attachment":[{"href":"https:\/\/branature.com\/en\/wp-json\/wp\/v2\/media?parent=322"}],"curies":[{"name":"wp","href":"https:\/\/api.w.org\/{rel}","templated":true}]}}