{"id":306,"date":"2025-08-30T20:31:28","date_gmt":"2025-08-30T20:31:28","guid":{"rendered":"https:\/\/branature.com\/?page_id=306"},"modified":"2025-08-31T17:40:04","modified_gmt":"2025-08-31T17:40:04","slug":"green-bonds","status":"publish","type":"page","link":"https:\/\/branature.com\/en\/green-bonds\/","title":{"rendered":"Green Bonds"},"content":{"rendered":"<div class=\"wp-block-cover alignfull has-custom-content-position is-position-center-left has-small-font-size\" style=\"padding-right:var(--wp--preset--spacing--50);padding-left:var(--wp--preset--spacing--50);min-height:348px;aspect-ratio:unset;\"><img loading=\"lazy\" decoding=\"async\" width=\"1440\" height=\"337\" class=\"wp-block-cover__image-background wp-image-320 size-full\" alt=\"\" src=\"https:\/\/branature.com\/wp-content\/uploads\/2025\/08\/Logos.png\" data-object-fit=\"cover\" srcset=\"https:\/\/branature.com\/wp-content\/uploads\/2025\/08\/Logos.png 1440w, https:\/\/branature.com\/wp-content\/uploads\/2025\/08\/Logos-300x70.png 300w, https:\/\/branature.com\/wp-content\/uploads\/2025\/08\/Logos-1024x240.png 1024w, https:\/\/branature.com\/wp-content\/uploads\/2025\/08\/Logos-768x180.png 768w, https:\/\/branature.com\/wp-content\/uploads\/2025\/08\/Logos-18x4.png 18w\" sizes=\"auto, (max-width: 1440px) 100vw, 1440px\" \/><span aria-hidden=\"true\" class=\"wp-block-cover__background has-background-dim-0 has-background-dim\" style=\"background-color:#1c1f13\"><\/span><div class=\"wp-block-cover__inner-container has-global-padding is-layout-constrained wp-container-core-cover-is-layout-e1a24a51 wp-block-cover-is-layout-constrained\">\n<p class=\"has-text-align-center has-montserrat-font-family has-xx-large-font-size\" style=\"font-style:normal;font-weight:500\"><strong>Green Bonds<\/strong><\/p>\n<\/div><\/div>\n\n\n\n<div class=\"wp-block-group alignwide is-vertical is-layout-flex wp-container-core-group-is-layout-fe9cc265 wp-block-group-is-layout-flex\">\n<div class=\"wp-block-columns is-layout-flex wp-container-core-columns-is-layout-ef350914 wp-block-columns-is-layout-flex\" style=\"padding-top:var(--wp--preset--spacing--30);padding-bottom:var(--wp--preset--spacing--30)\">\n<div class=\"wp-block-column is-layout-flow wp-block-column-is-layout-flow\" style=\"flex-basis:100%\">\n<h2 class=\"wp-block-heading has-text-color has-link-color has-montserrat-font-family has-x-large-font-size wp-elements-7b35c4432d5e820d7390547d6fabe0fc\" style=\"color:#878787;font-style:normal;font-weight:600\">Green Bonds: Investing in the sustainable future<\/h2>\n\n\n\n<p class=\"has-text-align-left has-text-color has-link-color has-montserrat-font-family wp-elements-35726758bbb1a10b0c92ad584db701bc\" style=\"color:#797d78;font-size:clamp(1.039rem, 1.039rem + ((1vw - 0.2rem) * 0.935), 1.6rem);letter-spacing:0px;line-height:1.5\"><span style=\"white-space:pre-wrap;\">Green Bonds, or Green Titles, are financial instruments created to raise funds intended exclusively for projects with positive environmental impact. In practice, they function as traditional debt titles, but with the differential that the resources raised are applied in sustainable initiatives such as renewable energies, reforestation, energy efficiency, clean transport and waste management.<\/span><\/p>\n<\/div>\n<\/div>\n\n\n\n<div class=\"wp-block-columns is-layout-flex wp-container-core-columns-is-layout-ec2e7a44 wp-block-columns-is-layout-flex\" style=\"padding-top:0;padding-bottom:0\">\n<div class=\"wp-block-column is-layout-flow wp-block-column-is-layout-flow\" style=\"flex-basis:100%\">\n<h2 class=\"wp-block-heading has-text-color has-link-color has-montserrat-font-family has-x-large-font-size wp-elements-876b3ceeeb4edb0f2934391596907da1\" style=\"color:#878787;font-style:normal;font-weight:600\">How they work:<\/h2>\n\n\n\n<p class=\"has-text-align-left has-text-color has-link-color has-montserrat-font-family wp-elements-c8f44b882c5ea27510f2e9cfbf375c7b\" style=\"color:#797d78;font-size:clamp(1.039rem, 1.039rem + ((1vw - 0.2rem) * 0.935), 1.6rem);letter-spacing:0px;line-height:1.5\"><span style=\"white-space:pre-wrap;\">Companies, governments or financial institutions issue Green Bonds to capture investments in the market. Investors who buy these securities receive income according to the definite deadlines and conditions, while contributing to finance actions that reduce environmental impacts and promote the transition to a low carbon economy.<\/span><\/p>\n\n\n\n<div class=\"wp-block-columns is-layout-flex wp-container-core-columns-is-layout-ef350914 wp-block-columns-is-layout-flex\" style=\"padding-top:var(--wp--preset--spacing--30);padding-bottom:var(--wp--preset--spacing--30)\">\n<div class=\"wp-block-column is-layout-flow wp-block-column-is-layout-flow\" style=\"flex-basis:100%\">\n<h2 class=\"wp-block-heading has-text-color has-link-color has-montserrat-font-family has-large-font-size wp-elements-0b682ce31c4d41557574d16a6f41bc71\" style=\"color:#878787;font-style:normal;font-weight:700\">Examples of application of resources<\/h2>\n\n\n\n<ul style=\"color:#797d78;padding-right:var(--wp--preset--spacing--30);padding-left:var(--wp--preset--spacing--30);font-size:clamp(1.039rem, 1.039rem + ((1vw - 0.2rem) * 0.935), 1.6rem);\" class=\"wp-block-list has-text-color has-link-color wp-elements-4961626a31668921cd37d9587a6d1747\">\n<li class=\"has-montserrat-font-family\" style=\"font-size:clamp(1.039rem, 1.039rem + ((1vw - 0.2rem) * 0.935), 1.6rem);\"><span style=\"white-space:pre-wrap;\">\ud83c\udf31 Environmental Reforestation and Conservation.<\/span><\/li>\n\n\n\n<li class=\"has-montserrat-font-family\" style=\"font-size:clamp(1.039rem, 1.039rem + ((1vw - 0.2rem) * 0.935), 1.6rem);\"><span style=\"white-space:pre-wrap;\">\u2600\ufe0f Solar and Wind Projects.<\/span><\/li>\n\n\n\n<li class=\"has-montserrat-font-family\" style=\"font-size:clamp(1.039rem, 1.039rem + ((1vw - 0.2rem) * 0.935), 1.6rem);\"><span style=\"white-space:pre-wrap;\">\ud83d\ude89 Sustainable public transport and green infrastructure.<\/span><\/li>\n\n\n\n<li class=\"has-montserrat-font-family\" style=\"font-size:clamp(1.039rem, 1.039rem + ((1vw - 0.2rem) * 0.935), 1.6rem);\"><span style=\"white-space:pre-wrap;\">\ud83c\udfed Energy Efficiency in Industries and Constructions.<\/span><\/li>\n\n\n\n<li class=\"has-montserrat-font-family\" style=\"font-size:clamp(1.039rem, 1.039rem + ((1vw - 0.2rem) * 0.935), 1.6rem);\">\ud83d\udca7 Water Resources Management and Sanitation.<\/li>\n<\/ul>\n<\/div>\n<\/div>\n<\/div>\n<\/div>\n\n\n\n<div class=\"wp-block-columns is-layout-flex wp-container-core-columns-is-layout-ec2e7a44 wp-block-columns-is-layout-flex\" style=\"padding-top:0;padding-bottom:0\">\n<div class=\"wp-block-column is-layout-flow wp-block-column-is-layout-flow\" style=\"flex-basis:100%\">\n<h2 class=\"wp-block-heading has-text-color has-link-color has-montserrat-font-family has-x-large-font-size wp-elements-4ca65791fa769a0d807eb09cb93b0e32\" style=\"color:#878787;font-style:normal;font-weight:600\">Green Bond Benefits<\/h2>\n\n\n\n<ul style=\"color:#797d78;padding-right:var(--wp--preset--spacing--30);padding-left:var(--wp--preset--spacing--30);font-size:clamp(1.039rem, 1.039rem + ((1vw - 0.2rem) * 0.935), 1.6rem);\" class=\"wp-block-list has-text-color has-link-color wp-elements-d33bfffe6ed76891a429032406c91a71\">\n<li class=\"has-montserrat-font-family\" style=\"font-size:clamp(1.039rem, 1.039rem + ((1vw - 0.2rem) * 0.935), 1.6rem);\"><span style=\"white-space:pre-wrap;\">Positive Impact: Each investment contributes directly to sustainable projects.<\/span><\/li>\n\n\n\n<li class=\"has-montserrat-font-family\" style=\"font-size:clamp(1.039rem, 1.039rem + ((1vw - 0.2rem) * 0.935), 1.6rem);\"><span style=\"white-space:pre-wrap;\">Transparency: Broadcasters should report how resources are being used, ensuring credibility.<\/span><\/li>\n\n\n\n<li class=\"has-montserrat-font-family\" style=\"font-size:clamp(1.039rem, 1.039rem + ((1vw - 0.2rem) * 0.935), 1.6rem);\"><span style=\"white-space:pre-wrap;\">Attraction of conscious investors: The demand for assets aligned with ex-(environmental, social and governance) criteria grows.<\/span><\/li>\n\n\n\n<li class=\"has-montserrat-font-family\" style=\"font-size:clamp(1.039rem, 1.039rem + ((1vw - 0.2rem) * 0.935), 1.6rem);\"><span style=\"white-space:pre-wrap;\">Long-term stability: because they are linked to sustainable projects, they attract investors seeking financial return ally to socio - environmental impact.<\/span><\/li>\n<\/ul>\n\n\n\n<div class=\"wp-block-columns is-layout-flex wp-container-core-columns-is-layout-8d88fe0f wp-block-columns-is-layout-flex\" style=\"padding-top:var(--wp--preset--spacing--20);padding-bottom:var(--wp--preset--spacing--20)\">\n<div class=\"wp-block-column is-layout-flow wp-block-column-is-layout-flow\" style=\"flex-basis:100%\">\n<h2 class=\"wp-block-heading has-text-color has-link-color has-montserrat-font-family has-large-font-size wp-elements-d2e6ca8219c528d8231480db193a9417\" style=\"color:#878787;font-style:normal;font-weight:700\">Why are Green Bonds important?<\/h2>\n\n\n\n<p class=\"has-text-align-left has-text-color has-link-color has-montserrat-font-family wp-elements-93c7dfb59c2696a06a6381800f69f0da\" style=\"color:#797d78;font-size:clamp(1.039rem, 1.039rem + ((1vw - 0.2rem) * 0.935), 1.6rem);letter-spacing:0px;line-height:1.5\"><span style=\"white-space:pre-wrap;\">In the current climate change scenario and pressure for more responsible practices, Green Bonds have become an essential instrument for financing the global transition towards sustainability. They approach investors, companies and governments of the same purpose: economic growth coupled with environmental preservation.<\/span><\/p>\n<\/div>\n<\/div>\n<\/div>\n<\/div>\n\n\n\n<div class=\"wp-block-columns is-layout-flex wp-container-core-columns-is-layout-ef350914 wp-block-columns-is-layout-flex\" style=\"padding-top:var(--wp--preset--spacing--30);padding-bottom:var(--wp--preset--spacing--30)\">\n<div class=\"wp-block-column is-layout-flow wp-block-column-is-layout-flow\" style=\"flex-basis:100%\">\n<h6 class=\"wp-block-heading has-text-color has-link-color has-montserrat-font-family has-large-font-size wp-elements-14f3a056d88d2ba8e1be272a7ae7522f\" style=\"color:#878787;font-style:normal;font-weight:600\">Bibliography<\/h6>\n\n\n\n<ol style=\"color:#797d78;font-size:clamp(1.039rem, 1.039rem + ((1vw - 0.2rem) * 0.935), 1.6rem);\" class=\"wp-block-list has-text-color has-link-color wp-elements-8a2b64f4679aeb67367f43e5dfdd4d77\">\n<li class=\"has-montserrat-font-family\" style=\"font-size:clamp(0.875rem, 0.875rem + ((1vw - 0.2rem) * 0.375), 1.1rem);line-height:1.5\"><span style=\"white-space:pre-wrap;\">Axelsen, H. et al. Trading Green Bonds Using Distributed Ledger Technology. ARXIV, 2023. Available at:   https: \/\/ arxiv . org\/2304 . 08154    . Accessed on: 25 Aug. 2025.<\/span><\/li>\n\n\n\n<li class=\"has-montserrat-font-family\" style=\"font-size:clamp(0.875rem, 0.875rem + ((1vw - 0.2rem) * 0.375), 1.1rem);line-height:1.5\"><span style=\"white-space:pre-wrap;\">Katten, G. ISSUING GREEN BONDS ON THE ALGORAND BLOCKCHAIN. ARXIV, 2021. Available at:   https: \/\/ arxiv . org\/2108 . 10344  . Accessed on: 25 Aug. 2025.<\/span><\/li>\n<\/ol>\n<\/div>\n<\/div>\n<\/div>","protected":false},"excerpt":{"rendered":"<p>Green Bonds: Investindo no Futuro Sustent\u00e1vel Os Green Bonds, ou T\u00edtulos Verdes, s\u00e3o instrumentos financeiros criados para captar recursos destinados exclusivamente a projetos com impacto ambiental positivo. Na pr\u00e1tica, funcionam como t\u00edtulos de d\u00edvida tradicionais, mas com o diferencial de que os recursos levantados s\u00e3o aplicados em iniciativas sustent\u00e1veis, como energias renov\u00e1veis, reflorestamento, efici\u00eancia energ\u00e9tica, [&hellip;]<\/p>","protected":false},"author":1,"featured_media":0,"parent":0,"menu_order":0,"comment_status":"closed","ping_status":"closed","template":"","meta":{"footnotes":""},"class_list":["post-306","page","type-page","status-publish","hentry"],"_links":{"self":[{"href":"https:\/\/branature.com\/en\/wp-json\/wp\/v2\/pages\/306","targetHints":{"allow":["GET"]}}],"collection":[{"href":"https:\/\/branature.com\/en\/wp-json\/wp\/v2\/pages"}],"about":[{"href":"https:\/\/branature.com\/en\/wp-json\/wp\/v2\/types\/page"}],"author":[{"embeddable":true,"href":"https:\/\/branature.com\/en\/wp-json\/wp\/v2\/users\/1"}],"replies":[{"embeddable":true,"href":"https:\/\/branature.com\/en\/wp-json\/wp\/v2\/comments?post=306"}],"version-history":[{"count":6,"href":"https:\/\/branature.com\/en\/wp-json\/wp\/v2\/pages\/306\/revisions"}],"predecessor-version":[{"id":321,"href":"https:\/\/branature.com\/en\/wp-json\/wp\/v2\/pages\/306\/revisions\/321"}],"wp:attachment":[{"href":"https:\/\/branature.com\/en\/wp-json\/wp\/v2\/media?parent=306"}],"curies":[{"name":"wp","href":"https:\/\/api.w.org\/{rel}","templated":true}]}}