{"id":282,"date":"2025-08-30T19:31:57","date_gmt":"2025-08-30T19:31:57","guid":{"rendered":"https:\/\/branature.com\/?page_id=282"},"modified":"2025-09-09T22:40:58","modified_gmt":"2025-09-09T22:40:58","slug":"biofertilizante","status":"publish","type":"page","link":"https:\/\/branature.com\/en\/biofertilizante\/","title":{"rendered":"Biofertilizer"},"content":{"rendered":"<div class=\"wp-block-cover alignfull has-custom-content-position is-position-center-left has-small-font-size\" style=\"padding-right:var(--wp--preset--spacing--50);padding-left:var(--wp--preset--spacing--50);min-height:348px;aspect-ratio:unset;\"><img loading=\"lazy\" decoding=\"async\" width=\"2560\" height=\"598\" class=\"wp-block-cover__image-background wp-image-285 size-full\" alt=\"\" src=\"https:\/\/branature.com\/wp-content\/uploads\/2025\/08\/Logos@2x-scaled.png\" data-object-fit=\"cover\" srcset=\"https:\/\/branature.com\/wp-content\/uploads\/2025\/08\/Logos@2x-scaled.png 2560w, https:\/\/branature.com\/wp-content\/uploads\/2025\/08\/Logos@2x-300x70.png 300w, https:\/\/branature.com\/wp-content\/uploads\/2025\/08\/Logos@2x-1024x239.png 1024w, https:\/\/branature.com\/wp-content\/uploads\/2025\/08\/Logos@2x-768x179.png 768w, https:\/\/branature.com\/wp-content\/uploads\/2025\/08\/Logos@2x-1536x359.png 1536w, https:\/\/branature.com\/wp-content\/uploads\/2025\/08\/Logos@2x-2048x479.png 2048w, https:\/\/branature.com\/wp-content\/uploads\/2025\/08\/Logos@2x-18x4.png 18w\" sizes=\"auto, (max-width: 2560px) 100vw, 2560px\" \/><span aria-hidden=\"true\" class=\"wp-block-cover__background has-background-dim-0 has-background-dim\" style=\"background-color:#363a32\"><\/span><div class=\"wp-block-cover__inner-container has-global-padding is-layout-constrained wp-container-core-cover-is-layout-e1a24a51 wp-block-cover-is-layout-constrained\">\n<p class=\"has-text-align-center has-montserrat-font-family has-xx-large-font-size\" style=\"font-style:normal;font-weight:500\"><strong>Biofertilizer<\/strong><\/p>\n<\/div><\/div>\n\n\n\n<div class=\"wp-block-group alignwide is-vertical is-layout-flex wp-container-core-group-is-layout-fe9cc265 wp-block-group-is-layout-flex\">\n<div class=\"wp-block-columns is-layout-flex wp-container-core-columns-is-layout-ef350914 wp-block-columns-is-layout-flex\" style=\"padding-top:var(--wp--preset--spacing--30);padding-bottom:var(--wp--preset--spacing--30)\">\n<div class=\"wp-block-column is-layout-flow wp-block-column-is-layout-flow\" style=\"flex-basis:100%\">\n<h2 class=\"wp-block-heading has-text-color has-link-color has-montserrat-font-family has-x-large-font-size wp-elements-aed1973f8bf7bccce430c8efc252373c\" style=\"color:#878787;padding-top:0;padding-right:var(--wp--preset--spacing--20);padding-bottom:0;padding-left:0;font-style:normal;font-weight:600\">Biofertilizers: Sustainable Nutrition\nfor the ground and plants \ud83c\udf31<\/h2>\n\n\n\n<p class=\"has-text-align-left has-text-color has-link-color has-montserrat-font-family wp-elements-7cc4732df2b5ff3758bac9626d47034c\" style=\"color:#797d78;font-size:clamp(1.039rem, 1.039rem + ((1vw - 0.2rem) * 0.935), 1.6rem);letter-spacing:0px;line-height:1.5\"><span style=\"white-space:pre-wrap;\">Biofertilizers are agricultural inputs produced from living microorganisms or organic materials that offer essential nutrients for the ground and plants. Unlike conventional chemical fertilizers, they act naturally and regeneratively, stimulating crop growth, improving soil quality and reducing environmental impacts.<\/span><\/p>\n<\/div>\n<\/div>\n\n\n\n<div class=\"wp-block-columns is-layout-flex wp-container-core-columns-is-layout-ec2e7a44 wp-block-columns-is-layout-flex\" style=\"padding-top:0;padding-bottom:0\">\n<div class=\"wp-block-column is-layout-flow wp-block-column-is-layout-flow\" style=\"flex-basis:100%\">\n<h2 class=\"wp-block-heading has-text-color has-link-color has-montserrat-font-family has-x-large-font-size wp-elements-876b3ceeeb4edb0f2934391596907da1\" style=\"color:#878787;font-style:normal;font-weight:600\">How they work:<\/h2>\n\n\n\n<p class=\"has-text-align-left has-text-color has-link-color has-montserrat-font-family wp-elements-bee85a1c3783097b5fbf8d3b0bc168c4\" style=\"color:#797d78;font-size:clamp(1.039rem, 1.039rem + ((1vw - 0.2rem) * 0.935), 1.6rem);letter-spacing:0px;line-height:1.5\"><span style=\"white-space:pre-wrap;\">Biofertilizers contain beneficial microorganisms (such as bacteria and fungi) that interact with plants and soil, promoting biological nitrogen fixation, phosphorus solubilization and gradual nutrient release. In addition, they strengthen the root system, increasing water and mineral absorption, and help protect crops against pests and diseases.<\/span><\/p>\n\n\n\n<div class=\"wp-block-columns is-layout-flex wp-container-core-columns-is-layout-ef350914 wp-block-columns-is-layout-flex\" style=\"padding-top:var(--wp--preset--spacing--30);padding-bottom:var(--wp--preset--spacing--30)\">\n<div class=\"wp-block-column is-layout-flow wp-block-column-is-layout-flow\" style=\"flex-basis:100%\">\n<h2 class=\"wp-block-heading has-text-color has-link-color has-montserrat-font-family has-large-font-size wp-elements-ae775f20c85396ebe9b43375203f582b\" style=\"color:#878787;font-style:normal;font-weight:700\">Advantages of biofertilizers<\/h2>\n\n\n\n<ul style=\"color:#797d78;padding-right:var(--wp--preset--spacing--30);padding-left:var(--wp--preset--spacing--30);font-size:clamp(1.039rem, 1.039rem + ((1vw - 0.2rem) * 0.935), 1.6rem);\" class=\"wp-block-list has-text-color has-link-color wp-elements-45e7dfb1b013ea61ab66806064ec1876\">\n<li class=\"has-montserrat-font-family\" style=\"font-size:clamp(1.039rem, 1.039rem + ((1vw - 0.2rem) * 0.935), 1.6rem);\"><span style=\"white-space:pre-wrap;\">\ud83c\udf3f Sustainability: reduce the use of chemical inputs and preserve the environment.<\/span><\/li>\n\n\n\n<li class=\"has-montserrat-font-family\" style=\"font-size:clamp(1.039rem, 1.039rem + ((1vw - 0.2rem) * 0.935), 1.6rem);\"><span style=\"white-space:pre-wrap;\">\ud83c\udf31 Soil health: increase microbial biodiversity and natural fertility.<\/span><\/li>\n\n\n\n<li class=\"has-montserrat-font-family\" style=\"font-size:clamp(1.039rem, 1.039rem + ((1vw - 0.2rem) * 0.935), 1.6rem);\"><span style=\"white-space:pre-wrap;\">\ud83d\udca7 Water and reduce leaching losses.<\/span><\/li>\n\n\n\n<li class=\"has-montserrat-font-family\" style=\"font-size:clamp(1.039rem, 1.039rem + ((1vw - 0.2rem) * 0.935), 1.6rem);\"><span style=\"white-space:pre-wrap;\">\ud83c\udf3e Productivity: promote greater vegetative development and increased agricultural productivity.<\/span><\/li>\n\n\n\n<li>\u267b\ufe0f Economy: Decrease production costs in medium and long deadline.<\/li>\n<\/ul>\n<\/div>\n<\/div>\n<\/div>\n<\/div>\n\n\n\n<div class=\"wp-block-columns is-layout-flex wp-container-core-columns-is-layout-ec2e7a44 wp-block-columns-is-layout-flex\" style=\"padding-top:0;padding-bottom:0\">\n<div class=\"wp-block-column is-layout-flow wp-block-column-is-layout-flow\" style=\"flex-basis:100%\">\n<h2 class=\"wp-block-heading has-text-color has-link-color has-montserrat-font-family has-x-large-font-size wp-elements-65758aa24e59ab938ecc000b6b44f371\" style=\"color:#878787;font-style:normal;font-weight:600\">Applications<\/h2>\n\n\n\n<p class=\"has-text-align-left has-text-color has-link-color has-montserrat-font-family wp-elements-293613e2f4bfe0759dc96fe45a887936\" style=\"color:#797d78;font-size:clamp(1.039rem, 1.039rem + ((1vw - 0.2rem) * 0.935), 1.6rem);letter-spacing:0px;line-height:1.5\"><span style=\"white-space:pre-wrap;\">Biofertilizers can be used in various cultures, such as grain, vegetables, fruit, pastures and even hydroponic cultivation systems. Its versatility allows use at different stages of plant development, whether in seed treatment, base fertilization, or leaf applications.<\/span><\/p>\n\n\n\n<div class=\"wp-block-columns is-layout-flex wp-container-core-columns-is-layout-8d88fe0f wp-block-columns-is-layout-flex\" style=\"padding-top:var(--wp--preset--spacing--20);padding-bottom:var(--wp--preset--spacing--20)\">\n<div class=\"wp-block-column is-layout-flow wp-block-column-is-layout-flow\" style=\"flex-basis:100%\">\n<h2 class=\"wp-block-heading has-text-color has-link-color has-montserrat-font-family has-large-font-size wp-elements-c8f9445129f3368686a1bc6ba9ff7948\" style=\"color:#878787;font-style:normal;font-weight:700\">Why choose biofertilizers?<\/h2>\n\n\n\n<p class=\"has-text-align-left has-text-color has-link-color has-montserrat-font-family wp-elements-3c83506aa47f4a749437251c4245d4c3\" style=\"color:#797d78;font-size:clamp(1.039rem, 1.039rem + ((1vw - 0.2rem) * 0.935), 1.6rem);letter-spacing:0px;line-height:1.5\"><span style=\"white-space:pre-wrap;\">Cleaner, efficient and profitable. Not only do they guarantee healthy growth of plants, but also promote soil recovery, preparing it to support agricultural production in a continuous and responsible way.<\/span><\/p>\n<\/div>\n<\/div>\n<\/div>\n<\/div>\n\n\n\n<div class=\"wp-block-columns is-layout-flex wp-container-core-columns-is-layout-ef350914 wp-block-columns-is-layout-flex\" style=\"padding-top:var(--wp--preset--spacing--30);padding-bottom:var(--wp--preset--spacing--30)\">\n<div class=\"wp-block-column is-layout-flow wp-block-column-is-layout-flow\" style=\"flex-basis:100%\">\n<h6 class=\"wp-block-heading has-text-color has-link-color has-montserrat-font-family has-large-font-size wp-elements-14f3a056d88d2ba8e1be272a7ae7522f\" style=\"color:#878787;font-style:normal;font-weight:600\">Bibliography<\/h6>\n\n\n\n<ol style=\"color:#797d78;font-size:clamp(1.039rem, 1.039rem + ((1vw - 0.2rem) * 0.935), 1.6rem);\" class=\"wp-block-list has-text-color has-link-color wp-elements-c71c1615da35cd2a8137198b575318f6\">\n<li class=\"has-montserrat-font-family\" style=\"font-size:clamp(0.875rem, 0.875rem + ((1vw - 0.2rem) * 0.375), 1.1rem);line-height:1.5\"><span style=\"white-space:pre-wrap;\">Aloo, B. N. et al. Plant Growth-Promoting Rhizobacterial Biofertilizers for Crop Production: The Past, Present, and Future. Frontiers in Plant Science, V. 13, P. 1002448, 2022. Available at:   https: \/\/ www . Frontiersin . org\/articles\/10 . 3389\/fpls . 2022 .} 1002448\/Full     . Accessed on: 25 Aug. 2025.<\/span><\/li>\n\n\n\n<li class=\"has-montserrat-font-family\" style=\"font-size:clamp(0.875rem, 0.875rem + ((1vw - 0.2rem) * 0.375), 1.1rem);line-height:1.5\"><span style=\"white-space:pre-wrap;\">Environmental Science and Pollution Research. The Comprehensive overview of eco-friendly bio-fertilizers extraced from living organisms. Environmental Science and Pollution Research, 2023. Available at:   https: \/\/ link . springer . with\/article\/10 . 1007\/s11356-023-30260-x  . Accessed on: 25 Aug. 2025.<\/span><\/li>\n\n\n\n<li class=\"has-montserrat-font-family\" style=\"font-size:clamp(0.875rem, 0.875rem + ((1vw - 0.2rem) * 0.375), 1.1rem);line-height:1.5\"><span style=\"white-space:pre-wrap;\">Scientific Direct. Biofertilizers in Agriculture: an Overview on Concepts, Strategies and Effects on Soil Microorganisms. Advances in Agronomy, V. 163, P. 1-30, 2020. Available at:   https: \/\/ www . sciencedirect . with\/science\/article\/ABI\/PII\/s0065211320300274  . Accessed on: 25 Aug. 2025.<\/span><\/li>\n\n\n\n<li class=\"has-montserrat-font-family\" style=\"font-size:clamp(0.875rem, 0.875rem + ((1vw - 0.2rem) * 0.375), 1.1rem);line-height:1.5\">Geography and Sustainability. Development of Biofertilizers for Sustainable Agriculture Over Four Decades (1980\u20132022). Geography and Sustainability, V. 4, n. 4, P. 282-295, 2023. Available at:   https: \/\/ www . sciencedirect . com\/science\/article\/pii\/s266683923000652  . Accessed on: 25 Aug. 2025.<\/li>\n<\/ol>\n<\/div>\n<\/div>\n<\/div>","protected":false},"excerpt":{"rendered":"<p>Biofertilizantes: Nutri\u00e7\u00e3o Sustent\u00e1vel para o Solo e as Plantas \ud83c\udf31 Os biofertilizantes s\u00e3o insumos agr\u00edcolas produzidos a partir de microrganismos vivos ou de mat\u00e9rias org\u00e2nicas que oferecem nutrientes essenciais para o solo e as plantas. Diferente dos fertilizantes qu\u00edmicos convencionais, eles atuam de forma natural e regenerativa, estimulando o crescimento das culturas, melhorando a qualidade [&hellip;]<\/p>","protected":false},"author":1,"featured_media":0,"parent":0,"menu_order":0,"comment_status":"closed","ping_status":"closed","template":"","meta":{"footnotes":""},"class_list":["post-282","page","type-page","status-publish","hentry"],"_links":{"self":[{"href":"https:\/\/branature.com\/en\/wp-json\/wp\/v2\/pages\/282","targetHints":{"allow":["GET"]}}],"collection":[{"href":"https:\/\/branature.com\/en\/wp-json\/wp\/v2\/pages"}],"about":[{"href":"https:\/\/branature.com\/en\/wp-json\/wp\/v2\/types\/page"}],"author":[{"embeddable":true,"href":"https:\/\/branature.com\/en\/wp-json\/wp\/v2\/users\/1"}],"replies":[{"embeddable":true,"href":"https:\/\/branature.com\/en\/wp-json\/wp\/v2\/comments?post=282"}],"version-history":[{"count":13,"href":"https:\/\/branature.com\/en\/wp-json\/wp\/v2\/pages\/282\/revisions"}],"predecessor-version":[{"id":346,"href":"https:\/\/branature.com\/en\/wp-json\/wp\/v2\/pages\/282\/revisions\/346"}],"wp:attachment":[{"href":"https:\/\/branature.com\/en\/wp-json\/wp\/v2\/media?parent=282"}],"curies":[{"name":"wp","href":"https:\/\/api.w.org\/{rel}","templated":true}]}}