{"id":254,"date":"2025-08-29T01:28:03","date_gmt":"2025-08-29T01:28:03","guid":{"rendered":"https:\/\/branature.com\/?page_id=254"},"modified":"2025-08-30T20:30:40","modified_gmt":"2025-08-30T20:30:40","slug":"utility-token","status":"publish","type":"page","link":"https:\/\/branature.com\/en\/utility-token\/","title":{"rendered":"Utility Token"},"content":{"rendered":"<div class=\"wp-block-cover alignfull has-custom-content-position is-position-center-left has-small-font-size\" style=\"padding-right:var(--wp--preset--spacing--50);padding-left:var(--wp--preset--spacing--50);min-height:348px;aspect-ratio:unset;\"><img loading=\"lazy\" decoding=\"async\" width=\"2560\" height=\"598\" class=\"wp-block-cover__image-background wp-image-261 size-full\" alt=\"\" src=\"https:\/\/branature.com\/wp-content\/uploads\/2025\/08\/Banner@2x-scaled.png\" data-object-fit=\"cover\" srcset=\"https:\/\/branature.com\/wp-content\/uploads\/2025\/08\/Banner@2x-scaled.png 2560w, https:\/\/branature.com\/wp-content\/uploads\/2025\/08\/Banner@2x-300x70.png 300w, https:\/\/branature.com\/wp-content\/uploads\/2025\/08\/Banner@2x-1024x239.png 1024w, https:\/\/branature.com\/wp-content\/uploads\/2025\/08\/Banner@2x-768x179.png 768w, https:\/\/branature.com\/wp-content\/uploads\/2025\/08\/Banner@2x-1536x359.png 1536w, https:\/\/branature.com\/wp-content\/uploads\/2025\/08\/Banner@2x-2048x479.png 2048w, https:\/\/branature.com\/wp-content\/uploads\/2025\/08\/Banner@2x-18x4.png 18w\" sizes=\"auto, (max-width: 2560px) 100vw, 2560px\" \/><span aria-hidden=\"true\" class=\"wp-block-cover__background has-background-dim-0 has-background-dim\" style=\"background-color:#191c1f\"><\/span><div class=\"wp-block-cover__inner-container has-global-padding is-layout-constrained wp-container-core-cover-is-layout-e1a24a51 wp-block-cover-is-layout-constrained\">\n<p class=\"has-text-align-center has-montserrat-font-family has-xx-large-font-size\" style=\"font-style:normal;font-weight:500\"><strong>Utility Token<\/strong><\/p>\n<\/div><\/div>\n\n\n\n<div class=\"wp-block-group alignwide is-vertical is-layout-flex wp-container-core-group-is-layout-fe9cc265 wp-block-group-is-layout-flex\">\n<div class=\"wp-block-columns is-layout-flex wp-container-core-columns-is-layout-ef350914 wp-block-columns-is-layout-flex\" style=\"padding-top:var(--wp--preset--spacing--30);padding-bottom:var(--wp--preset--spacing--30)\">\n<div class=\"wp-block-column is-layout-flow wp-block-column-is-layout-flow\" style=\"flex-basis:100%\">\n<h2 class=\"wp-block-heading has-text-color has-link-color has-montserrat-font-family has-x-large-font-size wp-elements-3f587464cf47aac02dfcd1cb7c6c627b\" style=\"color:#878787;font-style:normal;font-weight:600\">Asset Tokenization<\/h2>\n\n\n\n<p class=\"has-text-align-left has-text-color has-link-color has-montserrat-font-family wp-elements-a4231b8b0222da4f6e528f4ecde8f2a1\" style=\"color:#797d78;font-size:clamp(1.039rem, 1.039rem + ((1vw - 0.2rem) * 0.935), 1.6rem);letter-spacing:0px;line-height:1.5\"><span style=\"white-space:pre-wrap;\">Tokenization is the transformation of real assets into blockchain registered digital tokens, bringing transparency, safety and liquidity to investments that were once complex or inaccessible. When tokenize an asset, it can be divided into digital fractions, allowing several investors to participate in previously restricted opportunities .<\/span><\/p>\n<\/div>\n<\/div>\n\n\n\n<div class=\"wp-block-columns is-layout-flex wp-container-core-columns-is-layout-28b55a6e wp-block-columns-is-layout-flex\" style=\"padding-top:var(--wp--preset--spacing--10);padding-bottom:var(--wp--preset--spacing--10)\">\n<div class=\"wp-block-column is-layout-flow wp-block-column-is-layout-flow\" style=\"flex-basis:100%\">\n<h2 class=\"wp-block-heading has-text-color has-link-color has-montserrat-font-family has-x-large-font-size wp-elements-cfc95faf1ae6fa2d9d13f459dc76015f\" style=\"color:#878787;font-style:normal;font-weight:600\">How it works<\/h2>\n\n\n\n<div class=\"wp-block-columns is-layout-flex wp-container-core-columns-is-layout-8d88fe0f wp-block-columns-is-layout-flex\" style=\"padding-top:var(--wp--preset--spacing--20);padding-bottom:var(--wp--preset--spacing--20)\">\n<div class=\"wp-block-column is-layout-flow wp-block-column-is-layout-flow\" style=\"flex-basis:33.34%\">\n<figure class=\"wp-block-image aligncenter size-full\"><img loading=\"lazy\" decoding=\"async\" width=\"106\" height=\"102\" src=\"https:\/\/branature.com\/wp-content\/uploads\/2025\/08\/image-36.png\" alt=\"\" class=\"wp-image-266\" srcset=\"https:\/\/branature.com\/wp-content\/uploads\/2025\/08\/image-36.png 106w, https:\/\/branature.com\/wp-content\/uploads\/2025\/08\/image-36-12x12.png 12w\" sizes=\"auto, (max-width: 106px) 100vw, 106px\" \/><\/figure>\n\n\n\n<p class=\"has-text-align-center has-text-color has-link-color has-montserrat-font-family wp-elements-679ca59d0c808830fb7eaf31fe3ed930\" style=\"color:#176794;font-size:clamp(1.039rem, 1.039rem + ((1vw - 0.2rem) * 0.935), 1.6rem);letter-spacing:0px;line-height:1.5\"><span style=\"white-space:pre-wrap;\"><strong>Asset Record:<\/strong><\/span><\/p>\n\n\n\n<p class=\"has-text-align-center has-text-color has-link-color has-montserrat-font-family wp-elements-2d08d86cf3447cddc8870548072caa05\" style=\"color:#797d78;font-size:clamp(1.039rem, 1.039rem + ((1vw - 0.2rem) * 0.935), 1.6rem);letter-spacing:0px;line-height:1.5\"><span style=\"white-space:pre-wrap;\">The physical or financial asset is identified and evaluated.<\/span><\/p>\n<\/div>\n\n\n\n<div class=\"wp-block-column is-layout-flow wp-block-column-is-layout-flow\" style=\"flex-basis:33.34%\">\n<figure class=\"wp-block-image aligncenter size-full\"><img loading=\"lazy\" decoding=\"async\" width=\"111\" height=\"89\" src=\"https:\/\/branature.com\/wp-content\/uploads\/2025\/08\/image-37.png\" alt=\"\" class=\"wp-image-271\" srcset=\"https:\/\/branature.com\/wp-content\/uploads\/2025\/08\/image-37.png 111w, https:\/\/branature.com\/wp-content\/uploads\/2025\/08\/image-37-15x12.png 15w\" sizes=\"auto, (max-width: 111px) 100vw, 111px\" \/><\/figure>\n\n\n\n<p class=\"has-text-align-center has-text-color has-link-color has-montserrat-font-family wp-elements-d10a1022f5b031481db886cfaba7eadf\" style=\"color:#176794;font-size:clamp(1.039rem, 1.039rem + ((1vw - 0.2rem) * 0.935), 1.6rem);letter-spacing:0px;line-height:1.5\"><span style=\"white-space:pre-wrap;\"><strong>Token Creation:<\/strong><\/span><\/p>\n\n\n\n<p class=\"has-text-align-center has-text-color has-link-color has-montserrat-font-family wp-elements-bed20642886f1bdecac7287f1ac41a38\" style=\"color:#797d78;font-size:clamp(1.039rem, 1.039rem + ((1vw - 0.2rem) * 0.935), 1.6rem);letter-spacing:0px;line-height:1.5\"><span style=\"white-space:pre-wrap;\">Each digital token represents a fraction of the original asset.<\/span><\/p>\n<\/div>\n\n\n\n<div class=\"wp-block-column is-layout-flow wp-block-column-is-layout-flow\" style=\"flex-basis:33.34%\">\n<figure class=\"wp-block-image aligncenter size-full\"><img loading=\"lazy\" decoding=\"async\" width=\"113\" height=\"98\" src=\"https:\/\/branature.com\/wp-content\/uploads\/2025\/08\/image-38.png\" alt=\"\" class=\"wp-image-274\" srcset=\"https:\/\/branature.com\/wp-content\/uploads\/2025\/08\/image-38.png 113w, https:\/\/branature.com\/wp-content\/uploads\/2025\/08\/image-38-14x12.png 14w\" sizes=\"auto, (max-width: 113px) 100vw, 113px\" \/><\/figure>\n\n\n\n<p class=\"has-text-align-center has-text-color has-link-color has-montserrat-font-family wp-elements-e015a938e6c05535c65c41592fc62de8\" style=\"color:#176794;font-size:clamp(1.039rem, 1.039rem + ((1vw - 0.2rem) * 0.935), 1.6rem);letter-spacing:0px;line-height:1.5\"><span style=\"white-space:pre-wrap;\"><strong>Safe Negotiation:<\/strong><\/span><\/p>\n\n\n\n<p class=\"has-text-align-center has-text-color has-link-color has-montserrat-font-family wp-elements-aa947b7e466b052f2e2eff653206b53a\" style=\"color:#797d78;font-size:clamp(1.039rem, 1.039rem + ((1vw - 0.2rem) * 0.935), 1.6rem);letter-spacing:0px;line-height:1.5\"><span style=\"white-space:pre-wrap;\">Tokens can be purchased, sold or transferred to the blockchain, ensuring tracking and immutability.<\/span><\/p>\n<\/div>\n<\/div>\n<\/div>\n<\/div>\n\n\n\n<div class=\"wp-block-columns is-layout-flex wp-container-core-columns-is-layout-ec2e7a44 wp-block-columns-is-layout-flex\" style=\"padding-top:0;padding-bottom:0\">\n<div class=\"wp-block-column is-layout-flow wp-block-column-is-layout-flow\" style=\"flex-basis:100%\">\n<h2 class=\"wp-block-heading has-text-color has-link-color has-montserrat-font-family has-x-large-font-size wp-elements-01b167e790ba146b5ce1339b1d572ecf\" style=\"color:#878787;font-style:normal;font-weight:600\">Examples of assets that can be tokenized<\/h2>\n\n\n\n<ul style=\"color:#797d78;font-size:clamp(1.039rem, 1.039rem + ((1vw - 0.2rem) * 0.935), 1.6rem);\" class=\"wp-block-list has-text-color has-link-color wp-elements-d9588ca3e3edf88429f5e8df0f3e50ed\">\n<li class=\"has-montserrat-font-family\" style=\"font-size:clamp(1.039rem, 1.039rem + ((1vw - 0.2rem) * 0.935), 1.6rem);\"><span style=\"white-space:pre-wrap;\">Real Estate: Apartments, commercial buildings or land can be fractionated, making investment accessible to small investors.<\/span><\/li>\n\n\n\n<li class=\"has-montserrat-font-family\" style=\"font-size:clamp(1.039rem, 1.039rem + ((1vw - 0.2rem) * 0.935), 1.6rem);\"><span style=\"white-space:pre-wrap;\">Commodities: coffee, gold or oil can become negotiable tokens, increasing liquidity and access to the access to Market.<\/span><\/li>\n\n\n\n<li class=\"has-montserrat-font-family\" style=\"font-size:clamp(1.039rem, 1.039rem + ((1vw - 0.2rem) * 0.935), 1.6rem);\"><span style=\"white-space:pre-wrap;\">Carbon Credits: Companies can negotiate tokenized credits in a transparent way, promoting sustainability.<\/span><\/li>\n\n\n\n<li class=\"has-montserrat-font-family\" style=\"font-size:clamp(1.039rem, 1.039rem + ((1vw - 0.2rem) * 0.935), 1.6rem);\"><span style=\"white-space:pre-wrap;\">Financial assets, funds or other investments may be tokenized to facilitate fast transactions and Safe.<\/span><\/li>\n<\/ul>\n<\/div>\n<\/div>\n\n\n\n<div class=\"wp-block-columns is-layout-flex wp-container-core-columns-is-layout-ef350914 wp-block-columns-is-layout-flex\" style=\"padding-top:var(--wp--preset--spacing--30);padding-bottom:var(--wp--preset--spacing--30)\">\n<div class=\"wp-block-column is-layout-flow wp-block-column-is-layout-flow\" style=\"flex-basis:100%\">\n<h2 class=\"wp-block-heading has-text-color has-link-color has-montserrat-font-family has-x-large-font-size wp-elements-e8d49b490b0a71eef1d995a65b4f3580\" style=\"color:#878787;font-style:normal;font-weight:600\">Benefits of Tokenization<\/h2>\n\n\n\n<ul style=\"color:#797d78;font-size:clamp(1.039rem, 1.039rem + ((1vw - 0.2rem) * 0.935), 1.6rem);\" class=\"wp-block-list has-text-color has-link-color wp-elements-9c90504737f1eeba5a0f827f29b7b9a9\">\n<li class=\"has-montserrat-font-family\" style=\"font-size:clamp(1.039rem, 1.039rem + ((1vw - 0.2rem) * 0.935), 1.6rem);line-height:1.5\"><span style=\"white-space:pre-wrap;\">Liquidity: Turn illiquid actives into easily negotiable instruments.<\/span><\/li>\n\n\n\n<li class=\"has-montserrat-font-family\" style=\"font-size:clamp(1.039rem, 1.039rem + ((1vw - 0.2rem) * 0.935), 1.6rem);line-height:1.5\"><span style=\"white-space:pre-wrap;\">Transparency and Safety: All transactions are recorded in blockchain, avoiding fraud and ensuring traceability.<\/span><\/li>\n\n\n\n<li class=\"has-montserrat-font-family\" style=\"font-size:clamp(1.039rem, 1.039rem + ((1vw - 0.2rem) * 0.935), 1.6rem);line-height:1.5\"><span style=\"white-space:pre-wrap;\">Democratized Access: Small investors can participate in opportunities previously restricted to major players.<\/span><\/li>\n\n\n\n<li class=\"has-montserrat-font-family\" style=\"font-size:clamp(1.039rem, 1.039rem + ((1vw - 0.2rem) * 0.935), 1.6rem);line-height:1.5\"><span style=\"white-space:pre-wrap;\">Asset Fraitation: Invest only in the fraction you want, without having to purchase the full asset.<\/span><\/li>\n<\/ul>\n\n\n\n<p class=\"has-text-align-left has-text-color has-link-color has-montserrat-font-family wp-elements-e4e0abc0bdf32580d3eb7381e20af8d6\" style=\"color:#797d78;font-size:clamp(1.039rem, 1.039rem + ((1vw - 0.2rem) * 0.935), 1.6rem);letter-spacing:0px;line-height:1.5\"><span style=\"white-space:pre-wrap;\">Assets is the bridge between the physical and digital world, revolutionizing the way we invest and manage heritage.<\/span><\/p>\n<\/div>\n<\/div>\n\n\n\n<div class=\"wp-block-columns is-layout-flex wp-container-core-columns-is-layout-ef350914 wp-block-columns-is-layout-flex\" style=\"padding-top:var(--wp--preset--spacing--30);padding-bottom:var(--wp--preset--spacing--30)\">\n<div class=\"wp-block-column is-layout-flow wp-block-column-is-layout-flow\" style=\"flex-basis:100%\">\n<h6 class=\"wp-block-heading has-text-color has-link-color has-montserrat-font-family has-large-font-size wp-elements-14f3a056d88d2ba8e1be272a7ae7522f\" style=\"color:#878787;font-style:normal;font-weight:600\">Bibliography<\/h6>\n\n\n\n<ol style=\"color:#797d78;font-size:clamp(1.039rem, 1.039rem + ((1vw - 0.2rem) * 0.935), 1.6rem);\" class=\"wp-block-list has-text-color has-link-color wp-elements-56ca4b0e5f6e79aa3132a8df122f8668\">\n<li class=\"has-montserrat-font-family\" style=\"font-size:clamp(0.875rem, 0.875rem + ((1vw - 0.2rem) * 0.375), 1.1rem);line-height:1.5\"><span style=\"white-space:pre-wrap;\">Asset Takenization<\/span><\/li>\n\n\n\n<li class=\"has-montserrat-font-family\" style=\"font-size:clamp(0.875rem, 0.875rem + ((1vw - 0.2rem) * 0.375), 1.1rem);line-height:1.5\"><span style=\"white-space:pre-wrap;\">xia, n. et al. Exploration on Real World Assets and Tokenization. ARXIV, 2025. Available at:   https: \/\/ arxiv . org\/2503 . 0111   . Accessed on: 25 Aug. 2025 .<\/span><\/li>\n\n\n\n<li class=\"has-montserrat-font-family\" style=\"font-size:clamp(0.875rem, 0.875rem + ((1vw - 0.2rem) * 0.375), 1.1rem);line-height:1.5\"><span style=\"white-space:pre-wrap;\">Tian, \u200b\u200bY. et al. Blockchain-Enabled tokenization for Sustainable and Incluture Investment. ARXIV, 2022. Available at:   https: \/\/ arxiv . org\/2208 . 04709  . Accessed on: 25 Aug. 2025 .<\/span><\/li>\n<\/ol>\n<\/div>\n<\/div>\n<\/div>","protected":false},"excerpt":{"rendered":"<p>Tokeniza\u00e7\u00e3o de ativos A tokeniza\u00e7\u00e3o \u00e9 a transforma\u00e7\u00e3o de ativos reais em tokens digitais registrados em blockchain, trazendo transpar\u00eancia, seguran\u00e7a e liquidez para investimentos que antes eram complexos ou inacess\u00edveis. Ao tokenizar um ativo, ele pode ser dividido em fra\u00e7\u00f5es digitais, permitindo que diversos investidores participem de oportunidades antes restritas. Como funciona Registro do ativo: [&hellip;]<\/p>","protected":false},"author":1,"featured_media":0,"parent":0,"menu_order":0,"comment_status":"closed","ping_status":"closed","template":"","meta":{"footnotes":""},"class_list":["post-254","page","type-page","status-publish","hentry"],"_links":{"self":[{"href":"https:\/\/branature.com\/en\/wp-json\/wp\/v2\/pages\/254","targetHints":{"allow":["GET"]}}],"collection":[{"href":"https:\/\/branature.com\/en\/wp-json\/wp\/v2\/pages"}],"about":[{"href":"https:\/\/branature.com\/en\/wp-json\/wp\/v2\/types\/page"}],"author":[{"embeddable":true,"href":"https:\/\/branature.com\/en\/wp-json\/wp\/v2\/users\/1"}],"replies":[{"embeddable":true,"href":"https:\/\/branature.com\/en\/wp-json\/wp\/v2\/comments?post=254"}],"version-history":[{"count":25,"href":"https:\/\/branature.com\/en\/wp-json\/wp\/v2\/pages\/254\/revisions"}],"predecessor-version":[{"id":305,"href":"https:\/\/branature.com\/en\/wp-json\/wp\/v2\/pages\/254\/revisions\/305"}],"wp:attachment":[{"href":"https:\/\/branature.com\/en\/wp-json\/wp\/v2\/media?parent=254"}],"curies":[{"name":"wp","href":"https:\/\/api.w.org\/{rel}","templated":true}]}}