{"id":228,"date":"2025-08-28T19:28:16","date_gmt":"2025-08-28T19:28:16","guid":{"rendered":"https:\/\/branature.com\/?page_id=228"},"modified":"2025-08-31T18:17:27","modified_gmt":"2025-08-31T18:17:27","slug":"biblioteca","status":"publish","type":"page","link":"https:\/\/branature.com\/en\/biblioteca\/","title":{"rendered":"Library"},"content":{"rendered":"<div class=\"wp-block-cover alignfull has-custom-content-position is-position-center-left has-small-font-size\" style=\"padding-right:var(--wp--preset--spacing--50);padding-left:var(--wp--preset--spacing--50);min-height:348px;aspect-ratio:unset;\"><img loading=\"lazy\" decoding=\"async\" width=\"1024\" height=\"239\" class=\"wp-block-cover__image-background wp-image-229 size-large\" alt=\"\" src=\"https:\/\/branature.com\/wp-content\/uploads\/2025\/08\/BibliotecaBanner-1024x239.png\" data-object-fit=\"cover\" srcset=\"https:\/\/branature.com\/wp-content\/uploads\/2025\/08\/BibliotecaBanner-1024x239.png 1024w, https:\/\/branature.com\/wp-content\/uploads\/2025\/08\/BibliotecaBanner-300x70.png 300w, https:\/\/branature.com\/wp-content\/uploads\/2025\/08\/BibliotecaBanner-768x179.png 768w, https:\/\/branature.com\/wp-content\/uploads\/2025\/08\/BibliotecaBanner-1536x359.png 1536w, https:\/\/branature.com\/wp-content\/uploads\/2025\/08\/BibliotecaBanner-2048x479.png 2048w, https:\/\/branature.com\/wp-content\/uploads\/2025\/08\/BibliotecaBanner-18x4.png 18w\" sizes=\"auto, (max-width: 1024px) 100vw, 1024px\" \/><span aria-hidden=\"true\" class=\"wp-block-cover__background has-background-dim-0 has-background-dim\" style=\"background-color:#4c4640\"><\/span><div class=\"wp-block-cover__inner-container has-global-padding is-layout-constrained wp-container-core-cover-is-layout-e1a24a51 wp-block-cover-is-layout-constrained\">\n<p class=\"has-text-align-center has-montserrat-font-family has-xx-large-font-size\" style=\"font-style:normal;font-weight:500\"><strong>Library<\/strong><\/p>\n<\/div><\/div>\n\n\n\n<div class=\"wp-block-group alignwide is-vertical is-layout-flex wp-container-core-group-is-layout-fe9cc265 wp-block-group-is-layout-flex\">\n<div class=\"wp-block-columns is-layout-flex wp-container-core-columns-is-layout-ef350914 wp-block-columns-is-layout-flex\" style=\"padding-top:var(--wp--preset--spacing--30);padding-bottom:var(--wp--preset--spacing--30)\">\n<div class=\"wp-block-column is-layout-flow wp-block-column-is-layout-flow\" style=\"flex-basis:100%\">\n<p class=\"has-text-align-left has-text-color has-link-color has-montserrat-font-family wp-elements-8032ea19e4612da14d78230a3dfdafd1\" style=\"color:#797d78;font-size:clamp(1.039rem, 1.039rem + ((1vw - 0.2rem) * 0.935), 1.6rem);letter-spacing:0px;line-height:1.5\"><span style=\"white-space:pre-wrap;\">Welcome to the Branature Library, a space dedicated to knowledge and innovation in sustainable agribusiness. Here you will find exclusive content on topics such as active tokenization, biofertilizers, Green Bonds, reforestation, regenerative agriculture, among other issues that connect technology, environment and productivity. Our goal is to offer clear and reliable information to support producers, investors and everyone who believes in a more green and efficient future .<\/span><\/p>\n<\/div>\n<\/div>\n<\/div>\n\n\n\n<div class=\"wp-block-group alignwide is-vertical is-layout-flex wp-container-core-group-is-layout-fe9cc265 wp-block-group-is-layout-flex\">\n<div class=\"wp-block-columns is-layout-flex wp-container-core-columns-is-layout-28f84493 wp-block-columns-is-layout-flex\">\n<div class=\"wp-block-column is-layout-flow wp-block-column-is-layout-flow\" style=\"flex-basis:33.33%\">\n<figure class=\"wp-block-image size-full\"><a href=\"https:\/\/branature.com\/en\/utility-token\/\"><img loading=\"lazy\" decoding=\"async\" width=\"396\" height=\"265\" src=\"https:\/\/branature.com\/wp-content\/uploads\/2025\/08\/image-35.png\" alt=\"\" class=\"wp-image-231\" srcset=\"https:\/\/branature.com\/wp-content\/uploads\/2025\/08\/image-35.png 396w, https:\/\/branature.com\/wp-content\/uploads\/2025\/08\/image-35-300x201.png 300w, https:\/\/branature.com\/wp-content\/uploads\/2025\/08\/image-35-18x12.png 18w\" sizes=\"auto, (max-width: 396px) 100vw, 396px\" \/><\/a><\/figure>\n<\/div>\n\n\n\n<div class=\"wp-block-column is-layout-flow wp-block-column-is-layout-flow\" style=\"flex-basis:66.66%\">\n<h2 class=\"wp-block-heading has-text-color has-link-color has-montserrat-font-family has-x-large-font-size wp-elements-9095e94c5ca87c220419af1509ce5e7c\" style=\"color:#176794\"><strong>Utility Token<\/strong><\/h2>\n\n\n\n<p class=\"has-text-color has-link-color has-montserrat-font-family wp-elements-0855ca895473a3493361d4f994994838\" style=\"color:#797d78;font-size:clamp(1.039rem, 1.039rem + ((1vw - 0.2rem) * 0.935), 1.6rem);\"><a href=\"https:\/\/branature.com\/en\/utility-token\/\" data-type=\"page\" data-id=\"254\">Tokenization is the transformation of real assets into digital tokens recorded in blockchain, bringing transparency, safety and liquidity to investments that before . . .<\/a><\/p>\n<\/div>\n<\/div>\n<\/div>\n\n\n\n<div class=\"wp-block-group alignwide is-vertical is-layout-flex wp-container-core-group-is-layout-fe9cc265 wp-block-group-is-layout-flex\">\n<div class=\"wp-block-columns is-layout-flex wp-container-core-columns-is-layout-28f84493 wp-block-columns-is-layout-flex\">\n<div class=\"wp-block-column is-layout-flow wp-block-column-is-layout-flow\" style=\"flex-basis:33.33%\">\n<figure class=\"wp-block-image size-full\"><a href=\"https:\/\/branature.com\/en\/biofertilizante\/\"><img loading=\"lazy\" decoding=\"async\" width=\"396\" height=\"265\" src=\"https:\/\/branature.com\/wp-content\/uploads\/2025\/08\/image-351.png\" alt=\"\" class=\"wp-image-246\" srcset=\"https:\/\/branature.com\/wp-content\/uploads\/2025\/08\/image-351.png 396w, https:\/\/branature.com\/wp-content\/uploads\/2025\/08\/image-351-300x201.png 300w, https:\/\/branature.com\/wp-content\/uploads\/2025\/08\/image-351-18x12.png 18w\" sizes=\"auto, (max-width: 396px) 100vw, 396px\" \/><\/a><\/figure>\n<\/div>\n\n\n\n<div class=\"wp-block-column is-layout-flow wp-block-column-is-layout-flow\" style=\"flex-basis:66.66%\">\n<h2 class=\"wp-block-heading has-text-color has-link-color has-montserrat-font-family has-x-large-font-size wp-elements-2278ad6b4132763a3e825863eec7b228\" style=\"color:#176794\"><strong>Biofertilizer<\/strong><\/h2>\n\n\n\n<p class=\"has-text-color has-link-color has-montserrat-font-family wp-elements-6bbf1cc51aa9ab7d2a2c099a69227fab\" style=\"color:#797d78;font-size:clamp(1.039rem, 1.039rem + ((1vw - 0.2rem) * 0.935), 1.6rem);\"><a href=\"https:\/\/branature.com\/en\/biofertilizante\/\" data-type=\"page\" data-id=\"282\">Biofertilizers are agricultural inputs produced from living microorganisms or organic materials that offer essential ground nutrients . . .<\/a><\/p>\n<\/div>\n<\/div>\n<\/div>\n\n\n\n<div class=\"wp-block-group alignwide is-vertical is-layout-flex wp-container-core-group-is-layout-fe9cc265 wp-block-group-is-layout-flex\">\n<div class=\"wp-block-columns is-layout-flex wp-container-core-columns-is-layout-28f84493 wp-block-columns-is-layout-flex\">\n<div class=\"wp-block-column is-layout-flow wp-block-column-is-layout-flow\" style=\"flex-basis:33.33%\">\n<figure class=\"wp-block-image size-full\"><a href=\"https:\/\/branature.com\/en\/green-bonds\/\"><img loading=\"lazy\" decoding=\"async\" width=\"396\" height=\"265\" src=\"https:\/\/branature.com\/wp-content\/uploads\/2025\/08\/image-352.png\" alt=\"\" class=\"wp-image-247\" srcset=\"https:\/\/branature.com\/wp-content\/uploads\/2025\/08\/image-352.png 396w, https:\/\/branature.com\/wp-content\/uploads\/2025\/08\/image-352-300x201.png 300w, https:\/\/branature.com\/wp-content\/uploads\/2025\/08\/image-352-18x12.png 18w\" sizes=\"auto, (max-width: 396px) 100vw, 396px\" \/><\/a><\/figure>\n<\/div>\n\n\n\n<div class=\"wp-block-column is-layout-flow wp-block-column-is-layout-flow\" style=\"flex-basis:66.66%\">\n<h2 class=\"wp-block-heading has-text-color has-link-color has-montserrat-font-family has-x-large-font-size wp-elements-0a505d42a3de2196ba448831514fe505\" style=\"color:#176794\"><strong>Green Bonds<\/strong><\/h2>\n\n\n\n<p class=\"has-text-color has-link-color has-montserrat-font-family wp-elements-fe3e743f730c54772069aa879ba8b220\" style=\"color:#797d78;font-size:clamp(1.039rem, 1.039rem + ((1vw - 0.2rem) * 0.935), 1.6rem);\"><a href=\"https:\/\/branature.com\/en\/green-bonds\/\" data-type=\"page\" data-id=\"306\">Green Bonds, or Green Titles, are financial instruments created to raise funds intended exclusively for projects with environmental impact . . .<\/a><\/p>\n<\/div>\n<\/div>\n<\/div>\n\n\n\n<div class=\"wp-block-group alignwide is-vertical is-layout-flex wp-container-core-group-is-layout-fe9cc265 wp-block-group-is-layout-flex\">\n<div class=\"wp-block-columns is-layout-flex wp-container-core-columns-is-layout-28f84493 wp-block-columns-is-layout-flex\">\n<div class=\"wp-block-column is-layout-flow wp-block-column-is-layout-flow\" style=\"flex-basis:33.33%\">\n<figure class=\"wp-block-image size-full\"><a href=\"https:\/\/branature.com\/en\/reflorestamento\/\"><img loading=\"lazy\" decoding=\"async\" width=\"396\" height=\"265\" src=\"https:\/\/branature.com\/wp-content\/uploads\/2025\/08\/image-353.png\" alt=\"\" class=\"wp-image-248\" srcset=\"https:\/\/branature.com\/wp-content\/uploads\/2025\/08\/image-353.png 396w, https:\/\/branature.com\/wp-content\/uploads\/2025\/08\/image-353-300x201.png 300w, https:\/\/branature.com\/wp-content\/uploads\/2025\/08\/image-353-18x12.png 18w\" sizes=\"auto, (max-width: 396px) 100vw, 396px\" \/><\/a><\/figure>\n<\/div>\n\n\n\n<div class=\"wp-block-column is-layout-flow wp-block-column-is-layout-flow\" style=\"flex-basis:66.66%\">\n<h2 class=\"wp-block-heading has-text-color has-link-color has-montserrat-font-family has-x-large-font-size wp-elements-bf59ef0d17b81103cd815abd5597d2b1\" style=\"color:#176794\"><strong>Reforestation<\/strong><\/h2>\n\n\n\n<p class=\"has-text-color has-link-color has-montserrat-font-family wp-elements-886d75c95a7616200b7dea66e75dc304\" style=\"color:#797d78;font-size:clamp(1.039rem, 1.039rem + ((1vw - 0.2rem) * 0.935), 1.6rem);\"><a href=\"https:\/\/branature.com\/en\/reflorestamento\/\" data-type=\"page\" data-id=\"322\">Reforestation is the practice of regenerating degraded or deforested areas - either by planting or natural regeneration - in order to restore ecosystems . . .<\/a><\/p>\n<\/div>\n<\/div>\n<\/div>","protected":false},"excerpt":{"rendered":"<p>Bem-vindo \u00e0 Biblioteca BraNature, um espa\u00e7o dedicado ao conhecimento e \u00e0 inova\u00e7\u00e3o no agroneg\u00f3cio sustent\u00e1vel. Aqui voc\u00ea encontra conte\u00fados exclusivos sobre temas como tokeniza\u00e7\u00e3o de ativos, biofertilizantes, Green Bonds, reflorestamento, agricultura regenerativa, entre outros assuntos que conectam tecnologia, meio ambiente e produtividade. Nosso objetivo \u00e9 oferecer informa\u00e7\u00f5es claras e confi\u00e1veis para apoiar produtores, investidores e [&hellip;]<\/p>","protected":false},"author":1,"featured_media":0,"parent":0,"menu_order":0,"comment_status":"closed","ping_status":"closed","template":"","meta":{"footnotes":""},"class_list":["post-228","page","type-page","status-publish","hentry"],"_links":{"self":[{"href":"https:\/\/branature.com\/en\/wp-json\/wp\/v2\/pages\/228","targetHints":{"allow":["GET"]}}],"collection":[{"href":"https:\/\/branature.com\/en\/wp-json\/wp\/v2\/pages"}],"about":[{"href":"https:\/\/branature.com\/en\/wp-json\/wp\/v2\/types\/page"}],"author":[{"embeddable":true,"href":"https:\/\/branature.com\/en\/wp-json\/wp\/v2\/users\/1"}],"replies":[{"embeddable":true,"href":"https:\/\/branature.com\/en\/wp-json\/wp\/v2\/comments?post=228"}],"version-history":[{"count":23,"href":"https:\/\/branature.com\/en\/wp-json\/wp\/v2\/pages\/228\/revisions"}],"predecessor-version":[{"id":338,"href":"https:\/\/branature.com\/en\/wp-json\/wp\/v2\/pages\/228\/revisions\/338"}],"wp:attachment":[{"href":"https:\/\/branature.com\/en\/wp-json\/wp\/v2\/media?parent=228"}],"curies":[{"name":"wp","href":"https:\/\/api.w.org\/{rel}","templated":true}]}}