{"id":7,"date":"2025-07-08T19:49:34","date_gmt":"2025-07-08T19:49:34","guid":{"rendered":"https:\/\/branature.com\/?page_id=7"},"modified":"2026-03-31T10:41:53","modified_gmt":"2026-03-31T10:41:53","slug":"main","status":"publish","type":"page","link":"http:\/\/branature.com\/en\/","title":{"rendered":"main"},"content":{"rendered":"<div class=\"wp-block-group alignfull is-layout-flow wp-block-group-is-layout-flow has-background\" style=\"padding-top:var(--wp--preset--spacing--50);padding-right:var(--wp--preset--spacing--50);padding-bottom:var(--wp--preset--spacing--50);padding-left:var(--wp--preset--spacing--50);background-image:url(&apos;https:\/\/branature.com\/wp-content\/uploads\/2025\/07\/BG.png&apos;);background-position:46% 31%;background-size:cover;background-attachment:scroll;\">\n<div style=\"height:89px\" aria-hidden=\"true\" class=\"wp-block-spacer\"><\/div>\n\n\n\n<figure class=\"wp-block-image aligncenter size-full is-style-rounded is-style-rounded--1\" id=\"quem-somos\" style=\"margin-right:var(--wp--preset--spacing--50);margin-left:var(--wp--preset--spacing--50)\"><img loading=\"lazy\" decoding=\"async\" width=\"656\" height=\"194\" src=\"https:\/\/branature.com\/wp-content\/uploads\/2025\/08\/logoNomeMarcaBranature.png\" alt=\"\" class=\"wp-image-176\" srcset=\"https:\/\/branature.com\/wp-content\/uploads\/2025\/08\/logoNomeMarcaBranature.png 656w, https:\/\/branature.com\/wp-content\/uploads\/2025\/08\/logoNomeMarcaBranature-300x89.png 300w, https:\/\/branature.com\/wp-content\/uploads\/2025\/08\/logoNomeMarcaBranature-18x5.png 18w\" sizes=\"auto, (max-width: 656px) 100vw, 656px\" \/><\/figure>\n\n\n\n<figure class=\"wp-block-image aligncenter size-full\"><img loading=\"lazy\" decoding=\"async\" width=\"720\" height=\"141\" src=\"https:\/\/branature.com\/wp-content\/uploads\/2025\/08\/A-new-dawn-in-sustainability3.png\" alt=\"\" class=\"wp-image-178\" style=\"object-fit:cover\" srcset=\"https:\/\/branature.com\/wp-content\/uploads\/2025\/08\/A-new-dawn-in-sustainability3.png 854w, https:\/\/branature.com\/wp-content\/uploads\/2025\/08\/A-new-dawn-in-sustainability3-300x46.png 300w, https:\/\/branature.com\/wp-content\/uploads\/2025\/08\/A-new-dawn-in-sustainability3-768x119.png 768w, https:\/\/branature.com\/wp-content\/uploads\/2025\/08\/A-new-dawn-in-sustainability3-18x3.png 18w\" sizes=\"auto, (max-width: 720px) 100vw, 720px\" \/><\/figure>\n\n\n\n<div style=\"height:11px\" aria-hidden=\"true\" class=\"wp-block-spacer\"><\/div>\n\n\n\n<div class=\"wp-block-group has-global-padding is-layout-constrained wp-container-core-group-is-layout-c00143d5 wp-block-group-is-layout-constrained\" style=\"margin-top:0;margin-bottom:0;padding-right:0;padding-left:0\">\n<h6 class=\"wp-block-heading alignwide has-text-align-center is-style-default has-text-color has-link-color has-montserrat-font-family has-large-font-size wp-elements-6c68091e6e6827152fb920bcdc1201f5\" style=\"color:#797d78\">BraNature develops innovative solutions for agribusiness and reforestation, promoting productivity alongside environmental regeneration.<\/h6>\n\n\n\n<div style=\"height:1.25rem\" aria-hidden=\"true\" class=\"wp-block-spacer\"><\/div>\n\n\n\n<div style=\"height:17px\" aria-hidden=\"true\" class=\"wp-block-spacer\"><\/div>\n\n\n\n<div style=\"height:1.25rem\" aria-hidden=\"true\" class=\"wp-block-spacer\"><\/div>\n\n\n\n<div class=\"wp-block-buttons alignwide has-custom-font-size has-large-font-size is-content-justification-center is-nowrap is-layout-flex wp-container-core-buttons-is-layout-12a27398 wp-block-buttons-is-layout-flex\">\n<div class=\"wp-block-button is-style-outline is-style-outline--2\"><a class=\"wp-block-button__link has-contrast-2-color has-text-color has-link-color has-montserrat-font-family has-large-font-size has-custom-font-size wp-element-button\" href=\"mailto:bbranaturegroup@gmail.com\" style=\"border-width:3px;border-radius:14px\">Be a part of a new era<\/a><\/div>\n<\/div>\n<\/div>\n<\/div>\n\n\n\n<div class=\"wp-block-group alignfull has-background has-global-padding is-layout-constrained wp-container-core-group-is-layout-796362d6 wp-block-group-is-layout-constrained\" style=\"background:linear-gradient(180deg,rgb(234,241,237) 0%,rgba(255,255,255,0.8) 59%);margin-top:0;margin-bottom:0;padding-top:var(--wp--preset--spacing--40);padding-right:var(--wp--preset--spacing--50);padding-bottom:var(--wp--preset--spacing--40);padding-left:var(--wp--preset--spacing--50)\">\n<h2 class=\"wp-block-heading alignwide has-text-align-center has-text-color has-link-color has-montserrat-font-family has-x-large-font-size wp-elements-f1a4bb5c99029634a99fa647405a7052\" style=\"color:#135b87\"><strong>Innovation with purpose<\/strong><\/h2>\n\n\n\n<h3 class=\"wp-block-heading alignwide has-text-align-center has-text-color has-link-color has-montserrat-font-family has-large-font-size wp-elements-7e012f6b8b39bb864c6af37e2eb84033\" style=\"color:#797d78\">BraNature is a technology company focused on the sustainability of Brazilian agribusiness. We operate with intelligence applied to the field and ecosystem regeneration, offering products and services that create a positive impact on the soil, plants, and climate.<\/h3>\n<\/div>\n\n\n\n<div class=\"wp-block-group alignfull has-base-2-background-color has-background has-global-padding is-layout-constrained wp-container-core-group-is-layout-b673cb31 wp-block-group-is-layout-constrained\" style=\"margin-top:0;margin-bottom:0;padding-top:var(--wp--preset--spacing--30);padding-right:var(--wp--preset--spacing--50);padding-bottom:var(--wp--preset--spacing--30);padding-left:var(--wp--preset--spacing--50)\">\n<div class=\"wp-block-group alignwide is-layout-flow wp-container-core-group-is-layout-a77db08e wp-block-group-is-layout-flow\">\n<div class=\"wp-block-columns alignfull has-background is-layout-flex wp-container-core-columns-is-layout-ea69a204 wp-block-columns-is-layout-flex\" id=\"missao\" style=\"border-radius:15px;background-color:#e2eded\">\n<div class=\"wp-block-column is-vertically-aligned-center has-global-padding is-content-justification-center is-layout-constrained wp-block-column-is-layout-constrained\" style=\"flex-basis:40%\">\n<h3 class=\"wp-block-heading is-style-default has-contrast-2-color has-text-color has-link-color has-montserrat-font-family wp-elements-47187ee3d69af162aca0bb5457bf5cad\"><strong>Our mission<\/strong><\/h3>\n\n\n\n<p class=\"has-text-align-left has-contrast-2-color has-text-color has-link-color has-montserrat-font-family wp-elements-c7fe523faf1ce68f035d9ce8da1ae580\">To drive a productive, regenerative agribusiness aligned with the planet's future. We combine science, innovation, and environmental commitment to transform the relationship between agriculture and nature.<\/p>\n\n\n\n<p class=\"has-contrast-2-color has-text-color has-link-color has-montserrat-font-family wp-elements-2bebf5c071550a293749f1073ffa8af8\">BraNature focuses on environmental regeneration through biome reforestation, technological solutions for agribusiness, high-efficiency foliar fertilizers, and carbon sequestration projects, promoting a more sustainable and responsible production model.<\/p>\n\n\n\n<p><\/p>\n<\/div>\n\n\n\n<div class=\"wp-block-column has-global-padding is-layout-constrained wp-block-column-is-layout-constrained\" style=\"flex-basis:60%\">\n<figure class=\"wp-block-image alignwide size-full is-style-rounded is-style-rounded--3\"><img loading=\"lazy\" decoding=\"async\" width=\"578\" height=\"386\" src=\"https:\/\/branature.com\/wp-content\/uploads\/2025\/07\/Frame-5.png\" alt=\"\" class=\"wp-image-14\" srcset=\"https:\/\/branature.com\/wp-content\/uploads\/2025\/07\/Frame-5.png 578w, https:\/\/branature.com\/wp-content\/uploads\/2025\/07\/Frame-5-300x200.png 300w\" sizes=\"auto, (max-width: 578px) 100vw, 578px\" \/><\/figure>\n<\/div>\n<\/div>\n\n\n\n<div style=\"height:var(--wp--preset--spacing--40)\" aria-hidden=\"true\" class=\"wp-block-spacer\"><\/div>\n\n\n\n<div class=\"wp-block-columns alignwide has-background is-layout-flex wp-container-core-columns-is-layout-ea69a204 wp-block-columns-is-layout-flex\" style=\"border-radius:15px;background-color:#e2eded\">\n<div class=\"wp-block-column is-vertically-aligned-center is-layout-flow wp-block-column-is-layout-flow\" style=\"flex-basis:40%\">\n<h3 class=\"wp-block-heading is-style-default has-contrast-2-color has-text-color has-link-color has-montserrat-font-family wp-elements-030a4623e1bd244717fa49b6c63db18e\"><strong>Reforestation<\/strong><\/h3>\n\n\n\n<p class=\"has-contrast-2-color has-text-color has-link-color has-montserrat-font-family wp-elements-b86dbc61448ca869ecaba27aefc427de\">BraNature believes in the power of reforestation as an essential tool for biome regeneration and environmental balance. Through applied technologies, we develop projects that restore degraded areas, strengthen biodiversity, and actively contribute to carbon sequestration\u2014aligning rural productivity with ecological responsibility.<\/p>\n\n\n\n<div class=\"wp-block-buttons is-layout-flex wp-block-buttons-is-layout-flex\">\n<div class=\"wp-block-button is-style-outline is-style-outline--4\"><a class=\"wp-block-button__link has-contrast-2-color has-text-color has-link-color has-montserrat-font-family wp-element-button\" href=\"mailto:contato@branature.com\" style=\"border-width:2px\"><strong>Know more<\/strong><\/a><\/div>\n<\/div>\n<\/div>\n\n\n\n<div class=\"wp-block-column is-layout-flow wp-block-column-is-layout-flow\" style=\"flex-basis:60%\">\n<figure class=\"wp-block-image aligncenter size-full is-resized is-style-rounded is-style-rounded--5\"><img loading=\"lazy\" decoding=\"async\" width=\"578\" height=\"386\" src=\"https:\/\/branature.com\/wp-content\/uploads\/2025\/07\/Frame-52.png\" alt=\"\" class=\"wp-image-20\" style=\"width:706px;height:auto\" srcset=\"https:\/\/branature.com\/wp-content\/uploads\/2025\/07\/Frame-52.png 578w, https:\/\/branature.com\/wp-content\/uploads\/2025\/07\/Frame-52-300x200.png 300w\" sizes=\"auto, (max-width: 578px) 100vw, 578px\" \/><\/figure>\n<\/div>\n<\/div>\n<\/div>\n<\/div>\n\n\n\n<div class=\"wp-block-group alignfull has-base-2-background-color has-background has-global-padding is-layout-constrained wp-container-core-group-is-layout-b673cb31 wp-block-group-is-layout-constrained\" style=\"margin-top:0;margin-bottom:0;padding-top:var(--wp--preset--spacing--30);padding-right:var(--wp--preset--spacing--50);padding-bottom:var(--wp--preset--spacing--30);padding-left:var(--wp--preset--spacing--50)\">\n<div class=\"wp-block-group alignwide has-global-padding is-layout-constrained wp-container-core-group-is-layout-19e250f3 wp-block-group-is-layout-constrained\">\n<div class=\"wp-block-columns alignwide has-base-2-background-color has-background is-layout-flex wp-container-core-columns-is-layout-d1c656ed wp-block-columns-is-layout-flex\" style=\"border-radius:15px\">\n<div class=\"wp-block-column is-layout-flow wp-block-column-is-layout-flow\" style=\"flex-basis:50%\">\n<h3 class=\"wp-block-heading has-text-align-center has-text-color has-link-color has-montserrat-font-family has-x-large-font-size wp-elements-03d01189aa956e6b3ea153dd94834e04\" style=\"color:#135b87\">Branature Tokenization<\/h3>\n\n\n\n<figure class=\"wp-block-image aligncenter size-full is-resized is-style-rounded is-style-rounded--6\"><img loading=\"lazy\" decoding=\"async\" width=\"474\" height=\"353\" src=\"https:\/\/branature.com\/wp-content\/uploads\/2025\/07\/front-side-photo-of-gray-laptop-without-background-template-for-mockup-png-copiar-13.png\" alt=\"\" class=\"wp-image-128\" style=\"width:452px;height:auto\" srcset=\"https:\/\/branature.com\/wp-content\/uploads\/2025\/07\/front-side-photo-of-gray-laptop-without-background-template-for-mockup-png-copiar-13.png 474w, https:\/\/branature.com\/wp-content\/uploads\/2025\/07\/front-side-photo-of-gray-laptop-without-background-template-for-mockup-png-copiar-13-300x223.png 300w\" sizes=\"auto, (max-width: 474px) 100vw, 474px\" \/><\/figure>\n\n\n\n<div class=\"wp-block-buttons is-content-justification-center is-layout-flex wp-container-core-buttons-is-layout-a89b3969 wp-block-buttons-is-layout-flex\">\n<div class=\"wp-block-button is-style-outline is-style-outline--7\"><a class=\"wp-block-button__link has-base-color has-text-color has-background has-link-color has-montserrat-font-family has-large-font-size has-custom-font-size wp-element-button\" href=\"mailto:contato@branature.com\" style=\"border-width:2px;border-radius:15px;background-color:#135b87\"><strong>Know more<\/strong><\/a><\/div>\n<\/div>\n<\/div>\n\n\n\n<div class=\"wp-block-column is-layout-flow wp-block-column-is-layout-flow\" style=\"flex-basis:50%\">\n<h3 class=\"wp-block-heading has-text-align-center has-text-color has-link-color has-montserrat-font-family has-x-large-font-size wp-elements-7093edf9fa25f1de9f8ab203c16e0545\" style=\"color:#135b87\">Branature Green Bond<\/h3>\n\n\n\n<figure class=\"wp-block-image aligncenter size-full is-style-rounded is-style-rounded--8\"><img loading=\"lazy\" decoding=\"async\" width=\"538\" height=\"353\" src=\"https:\/\/branature.com\/wp-content\/uploads\/2025\/07\/front-side-photo-of-gray-laptop-without-background-template-for-mockup-png-copiar-14.png\" alt=\"\" class=\"wp-image-125\" srcset=\"https:\/\/branature.com\/wp-content\/uploads\/2025\/07\/front-side-photo-of-gray-laptop-without-background-template-for-mockup-png-copiar-14.png 538w, https:\/\/branature.com\/wp-content\/uploads\/2025\/07\/front-side-photo-of-gray-laptop-without-background-template-for-mockup-png-copiar-14-300x197.png 300w\" sizes=\"auto, (max-width: 538px) 100vw, 538px\" \/><\/figure>\n\n\n\n<div class=\"wp-block-buttons is-content-justification-center is-layout-flex wp-container-core-buttons-is-layout-a89b3969 wp-block-buttons-is-layout-flex\">\n<div class=\"wp-block-button is-style-outline is-style-outline--9\"><a class=\"wp-block-button__link has-base-color has-text-color has-background has-link-color has-montserrat-font-family has-large-font-size has-custom-font-size wp-element-button\" href=\"mailto:contato@branature.com\" style=\"border-width:2px;border-radius:15px;background-color:#135b87\"><strong>Know more<\/strong><\/a><\/div>\n<\/div>\n<\/div>\n<\/div>\n<\/div>\n<\/div>\n\n\n\n<div class=\"wp-block-group alignfull has-base-color has-contrast-background-color has-text-color has-background has-global-padding is-content-justification-center is-layout-constrained wp-container-core-group-is-layout-dcde3d4e wp-block-group-is-layout-constrained\" style=\"margin-top:0;margin-bottom:0;padding-top:var(--wp--preset--spacing--60);padding-right:var(--wp--preset--spacing--60);padding-bottom:var(--wp--preset--spacing--60);padding-left:var(--wp--preset--spacing--60);background-image:url(&apos;https:\/\/branature.com\/wp-content\/uploads\/2025\/08\/Frame-4273204231.png&apos;);background-size:cover;\">\n<h1 class=\"wp-block-heading alignwide has-text-align-center has-base-2-color has-text-color has-link-color has-montserrat-font-family wp-elements-83f24455f7d957f651faa77b4dc6f108\"><strong>Access our library!<\/strong><\/h1>\n\n\n\n<div class=\"wp-block-group has-global-padding is-layout-constrained wp-block-group-is-layout-constrained\">\n<p class=\"has-text-align-center has-base-color has-text-color has-montserrat-font-family has-large-font-size\" style=\"line-height:1.2\">Check out exclusive content about sustainability, agro, and technological innovations.<\/p>\n<\/div>\n\n\n\n<div class=\"wp-block-buttons alignwide is-content-justification-center is-layout-flex wp-container-core-buttons-is-layout-a89b3969 wp-block-buttons-is-layout-flex\">\n<div class=\"wp-block-button is-style-outline is-style-outline--10\"><a class=\"wp-block-button__link has-montserrat-font-family has-large-font-size has-text-align-center has-custom-font-size wp-element-button\" href=\"https:\/\/branature.com\/en\/biblioteca\/\">Check<\/a><\/div>\n<\/div>\n<\/div>\n\n\n\n<div class=\"wp-block-group alignfull has-base-color has-contrast-background-color has-text-color has-background has-global-padding is-content-justification-center is-layout-constrained wp-container-core-group-is-layout-dcde3d4e wp-block-group-is-layout-constrained\" style=\"margin-top:0;margin-bottom:0;padding-top:var(--wp--preset--spacing--60);padding-right:var(--wp--preset--spacing--60);padding-bottom:var(--wp--preset--spacing--60);padding-left:var(--wp--preset--spacing--60);background-image:url(&apos;https:\/\/branature.com\/wp-content\/uploads\/2025\/07\/tea-plantation-8135235_1920-1.png&apos;);background-size:cover;\">\n<h1 class=\"wp-block-heading alignwide has-text-align-center has-base-2-color has-text-color has-link-color has-montserrat-font-family wp-elements-093833f33d6a26d28b577592883281f0\"><strong>Entenda melhor sobre nossas solu\u00e7\u00f5es<\/strong><\/h1>\n\n\n\n<div class=\"wp-block-group has-global-padding is-layout-constrained wp-block-group-is-layout-constrained\">\n<p class=\"has-text-align-center has-base-color has-text-color has-montserrat-font-family has-large-font-size\" style=\"line-height:1.2\">Entre em contato pelo e-mail clicando no bot\u00e3o a seguir<\/p>\n<\/div>\n\n\n\n<div class=\"wp-block-buttons alignwide is-content-justification-center is-layout-flex wp-container-core-buttons-is-layout-a89b3969 wp-block-buttons-is-layout-flex\">\n<div class=\"wp-block-button is-style-outline is-style-outline--11\"><a class=\"wp-block-button__link has-montserrat-font-family has-large-font-size has-text-align-center has-custom-font-size wp-element-button\" href=\"mailto:bbranaturegroup@gmail.com\">Contact us<\/a><\/div>\n<\/div>\n<\/div>","protected":false},"excerpt":{"rendered":"<p>A BraNature desenvolve solu\u00e7\u00f5es inovadoras para o agroneg\u00f3cio e o reflorestamento, promovendo produtividade com regenera\u00e7\u00e3o ambiental. Inova\u00e7\u00e3o com prop\u00f3sito A BraNature \u00e9 uma empresa de tecnologia focada na sustentabilidade do agroneg\u00f3cio brasileiro. Atuamos com intelig\u00eancia aplicada ao campo e \u00e0 regenera\u00e7\u00e3o dos ecossistemas, oferecendo produtos e servi\u00e7os que promovem impacto positivo no solo, nas plantas [&hellip;]<\/p>","protected":false},"author":1,"featured_media":0,"parent":0,"menu_order":0,"comment_status":"closed","ping_status":"closed","template":"","meta":{"footnotes":""},"class_list":["post-7","page","type-page","status-publish","hentry"],"_links":{"self":[{"href":"http:\/\/branature.com\/en\/wp-json\/wp\/v2\/pages\/7","targetHints":{"allow":["GET"]}}],"collection":[{"href":"http:\/\/branature.com\/en\/wp-json\/wp\/v2\/pages"}],"about":[{"href":"http:\/\/branature.com\/en\/wp-json\/wp\/v2\/types\/page"}],"author":[{"embeddable":true,"href":"http:\/\/branature.com\/en\/wp-json\/wp\/v2\/users\/1"}],"replies":[{"embeddable":true,"href":"http:\/\/branature.com\/en\/wp-json\/wp\/v2\/comments?post=7"}],"version-history":[{"count":93,"href":"http:\/\/branature.com\/en\/wp-json\/wp\/v2\/pages\/7\/revisions"}],"predecessor-version":[{"id":351,"href":"http:\/\/branature.com\/en\/wp-json\/wp\/v2\/pages\/7\/revisions\/351"}],"wp:attachment":[{"href":"http:\/\/branature.com\/en\/wp-json\/wp\/v2\/media?parent=7"}],"curies":[{"name":"wp","href":"https:\/\/api.w.org\/{rel}","templated":true}]}}